{"id":1405,"date":"2015-10-21T07:42:32","date_gmt":"2015-10-21T07:42:32","guid":{"rendered":"https:\/\/havila.ee\/?page_id=1405"},"modified":"2024-11-20T09:00:19","modified_gmt":"2024-11-20T09:00:19","slug":"home","status":"publish","type":"page","link":"https:\/\/havila.ee\/et\/","title":{"rendered":"Pealeht"},"content":{"rendered":"<div class=\"wpb-content-wrapper\">[vc_row full_width=&#8221;stretch_row_content_no_spaces&#8221; css=&#8221;.vc_custom_1445941555299{margin-bottom: 0px !important;}&#8221;][vc_column][rev_slider_vc alias=&#8221;main_slider&#8221;][\/vc_column][\/vc_row][vc_row full_width=&#8221;stretch_row&#8221; el_class=&#8221;base_bg_color no_overflow_hidden&#8221; css=&#8221;.vc_custom_1448432556856{margin-bottom: 80px !important;}&#8221;][vc_column width=&#8221;1\/4&#8243; offset=&#8221;vc_hidden-xs&#8221;][stm_rev_slider_nav title=&#8221;Kemikaalide veod&#8221; icon=&#8221;kolba1-2&#8243; slide_number=&#8221;1&#8243;][\/vc_column][vc_column width=&#8221;1\/4&#8243; offset=&#8221;vc_hidden-xs&#8221;][stm_rev_slider_nav title=&#8221;Touiduainete veod&#8221; icon=&#8221;food_black-02221&#8243; slide_number=&#8221;2&#8243;][\/vc_column][vc_column width=&#8221;1\/4&#8243; offset=&#8221;vc_hidden-xs&#8221;][stm_rev_slider_nav title=&#8221;Raudteeveod&#8221; icon=&#8221;zd-2&#8243; slide_number=&#8221;3&#8243;][\/vc_column][vc_column width=&#8221;1\/4&#8243; offset=&#8221;vc_hidden-xs&#8221;][stm_rev_slider_nav title=&#8221;Infrastruktuur&#8221; icon=&#8221;kolba19-21&#8243; slide_number=&#8221;4&#8243;][\/vc_column][\/vc_row][vc_row css=&#8221;.vc_custom_1450264294682{margin-bottom: 80px !important;}&#8221;][vc_column offset=&#8221;vc_col-lg-6 vc_col-md-6&#8243;][vc_column_text]\n<p class=\"p2\" style=\"text-align: center;\"><span class=\"s1\"><b>\u00a0Havila ettev\u00f5tete grupp<\/b><\/span><\/p>\n<p class=\"p1\" style=\"text-align: center;\"><span class=\"s1\">Eksklusiivne logistika keemia- ja toiduainet\u00f6\u00f6stuse kaupadele<\/span><\/p>\n<p class=\"p2\" style=\"text-align: center;\"><span class=\"s1\">Olles naftakeemia turu logistikas alates 2007. aastast ja toiduainete transpordi turul alates 2015. aastast, on meil hulgaliselt kogemusi ja v\u00e4rske pilk mitmesuguste tarneahelate ehitamisele. T\u00e4nu meie omandis olevatele paakkonteinerite ja raudteeplatvormite pargile ning depoode v\u00f5rgustikule (kus peseme, parandame ja hooldame konteinereid), oleme valmis pakkuma teenust teie lasti toimetamiseks peaaegu k\u00f5ikjale maailmas.<\/span><\/p>\n<p class=\"p2\" style=\"text-align: center;\"><span class=\"s1\">Meie enda kontorid ja esinduste kontorite v\u00f5rk enamikes maailma riikides, v\u00f5imaldab meil kiiresti<span class=\"Apple-converted-space\">\u00a0 <\/span>lahendada igat operatiivt\u00f6\u00f6ga seotud k\u00fcsimust.<\/span><\/p>\n[\/vc_column_text][vc_row_inner][vc_column_inner width=&#8221;1\/2&#8243;][vc_column_text]<span class=\"s4\"><b> Igor I. Lepetukhin<br \/>\n<\/b><\/span><span class=\"s1\">Juhatuse liige<\/span><\/p>\n[\/vc_column_text][\/vc_column_inner][vc_column_inner width=&#8221;1\/2&#8243;][\/vc_column_inner][\/vc_row_inner][\/vc_column][vc_column offset=&#8221;vc_col-lg-6 vc_col-md-6 vc_hidden-sm vc_hidden-xs&#8221;][vc_single_image image=&#8221;1430&#8243; img_size=&#8221;large&#8221; alignment=&#8221;center&#8221; style=&#8221;vc_box_rounded&#8221;][\/vc_column][vc_column][\/vc_column][vc_column][\/vc_column][vc_column][\/vc_column][\/vc_row][vc_row full_width=&#8221;stretch_row&#8221; css=&#8221;.vc_custom_1450270522171{margin-bottom: 0px !important;padding-top: 40px !important;padding-bottom: 14px !important;}&#8221; el_class=&#8221;secondary_bg_color&#8221;][vc_column width=&#8221;1\/2&#8243; offset=&#8221;vc_col-lg-3 vc_col-md-3&#8243; css=&#8221;.vc_custom_1449142338264{margin-bottom: 30px !important;}&#8221;][stm_counter counter_value=&#8221;11&#8243; icon_size=&#8221;64&#8243; title=&#8221;aastat turul&#8221; icon_color=&#8221;#ffffff&#8221; icon=&#8221;icomoon&#8212;&#8220;][\/vc_column][vc_column width=&#8221;1\/2&#8243; offset=&#8221;vc_col-lg-3 vc_col-md-3&#8243; css=&#8221;.vc_custom_1449142329000{margin-bottom: 30px !important;}&#8221;][stm_counter counter_value=&#8221;15000&#8243; icon_size=&#8221;68&#8243; title=&#8221;vedu&#8221; icon_color=&#8221;#ffffff&#8221; icon=&#8221;icomoon&#8211;&#8220;][\/vc_column][vc_column width=&#8221;1\/2&#8243; offset=&#8221;vc_col-lg-3 vc_col-md-3&#8243; css=&#8221;.vc_custom_1449142343672{margin-bottom: 30px !important;}&#8221;][stm_counter counter_value=&#8221;600&#8243; icon_width=&#8221;80&#8243; icon_size=&#8221;67&#8243; title=&#8221;paakkonteinerit&#8221; icon_color=&#8221;#ffffff&#8221; icon=&#8221;cisterna&#8212;&#8220;][\/vc_column][vc_column width=&#8221;1\/2&#8243; offset=&#8221;vc_col-lg-3 vc_col-md-3&#8243; css=&#8221;.vc_custom_1449142350247{margin-bottom: 30px !important;}&#8221;][stm_counter counter_value=&#8221;2&#8243; icon_width=&#8221;100&#8243; icon_size=&#8221;67&#8243; title=&#8221;depood&#8221; icon_color=&#8221;#ffffff&#8221; icon=&#8221;icomoon-uniE900&#8243;][\/vc_column][\/vc_row][vc_row full_width=&#8221;stretch_row&#8221; equal_height=&#8221;yes&#8221; css=&#8221;.vc_custom_1450446724850{margin-bottom: 0px !important;margin-left: 0px !important;background-color: #f7f7f7 !important;}&#8221; el_class=&#8221;reset-sm-paddings&#8221;][vc_column css=&#8221;.vc_custom_1450444940366{padding-top: 80px !important;padding-bottom: 31px !important;}&#8221; offset=&#8221;vc_col-lg-5 vc_col-md-6&#8243;][vc_custom_heading text=&#8221;Miks valida meid?&#8221; use_theme_fonts=&#8221;yes&#8221;][vc_column_text][\/vc_column_text][vc_row_inner css=&#8221;.vc_custom_1449127190171{margin-bottom: 0px !important;}&#8221; el_class=&#8221;reset-sm-paddings&#8221;][vc_column_inner width=&#8221;1\/2&#8243; css=&#8221;.vc_custom_1450423994691{margin-bottom: 44px !important;}&#8221; offset=&#8221;vc_col-xs-12&#8243;][stm_icon icon_position=&#8221;icon_position_left&#8221; icon_size=&#8221;51&#8243; icon_width=&#8221;95&#8243; title_font_size=&#8221;14&#8243; title_font_weight=&#8221;600&#8243; title=&#8221;Lahendus igale logistilisele probleemile&#8221; icon=&#8221;icom-image2&#8243; icon_color=&#8221;#208b48&#8243;][\/vc_column_inner][vc_column_inner width=&#8221;1\/2&#8243; css=&#8221;.vc_custom_1450423999162{margin-bottom: 44px !important;}&#8221; offset=&#8221;vc_col-xs-12&#8243;][stm_icon icon_position=&#8221;icon_position_left&#8221; icon_size=&#8221;64&#8243; icon_width=&#8221;95&#8243; title_font_size=&#8221;14&#8243; title_font_weight=&#8221;600&#8243; title=&#8221;Kiire otsuste tegemine&#8221; icon=&#8221;icom-image1&#8243; icon_color=&#8221;#208b48&#8243;][\/vc_column_inner][\/vc_row_inner][vc_row_inner css=&#8221;.vc_custom_1449127193884{margin-bottom: 0px !important;}&#8221; el_class=&#8221;reset-sm-paddings&#8221;][vc_column_inner width=&#8221;1\/2&#8243; css=&#8221;.vc_custom_1450424067703{margin-bottom: 44px !important;}&#8221; offset=&#8221;vc_col-xs-12&#8243;][stm_icon icon_position=&#8221;icon_position_left&#8221; icon_size=&#8221;51&#8243; icon_width=&#8221;95&#8243; title_font_size=&#8221;14&#8243; title_font_weight=&#8221;600&#8243; title=&#8221;T\u00f6\u00f6tajate k\u00e4ttesaadavus \u00f6\u00f6p\u00e4evaringselt&#8221; icon=&#8221;icomoon&#8211;2&#8243; icon_color=&#8221;#208b48&#8243;][\/vc_column_inner][vc_column_inner width=&#8221;1\/2&#8243; css=&#8221;.vc_custom_1450424075450{margin-bottom: 44px !important;}&#8221; offset=&#8221;vc_col-xs-12&#8243;][stm_icon icon_position=&#8221;icon_position_left&#8221; icon_size=&#8221;51&#8243; icon_width=&#8221;95&#8243; title_font_size=&#8221;14&#8243; title_font_weight=&#8221;600&#8243; title=&#8221;P\u00f5hjalikud teadmised turust&#8221; icon=&#8221;icomoon&#8212;-&#8221; icon_color=&#8221;#208b48&#8243;][\/vc_column_inner][\/vc_row_inner][vc_custom_heading text=&#8221;Ettev\u00f5te tutvustus&#8221; use_theme_fonts=&#8221;yes&#8221;][vc_column_text]<a href=\"https:\/\/havila.ee\/wp-content\/uploads\/2015\/10\/files.svg\"><img decoding=\"async\" class=\"alignnone size-medium wp-image-2409\" src=\"https:\/\/havila.ee\/wp-content\/uploads\/2015\/10\/files.svg\" alt=\"\" width=\"1\" height=\"1\" \/><\/a><img decoding=\"async\" class=\"alignnone size-medium wp-image-2409\" src=\"https:\/\/havila.ee\/wp-content\/uploads\/2015\/10\/files.svg\" alt=\"\" width=\"1\" height=\"1\" \/><a href=\"https:\/\/havila.ee\/wp-content\/uploads\/2020\/09\/presentation-havila-ou-en.pdf\" target=\"_blank\" rel=\"noopener noreferrer\"><img decoding=\"async\" class=\"alignleft wp-image-2413\" title=\"\u041f\u0440\u0435\u0437\u0435\u043d\u0442\u0430\u0446\u0438\u044f\" src=\"https:\/\/havila.ee\/wp-content\/uploads\/2015\/10\/ezgif.com-gif-maker.png\" alt=\"\" width=\"50\" height=\"50\" srcset=\"https:\/\/havila.ee\/wp-content\/uploads\/2015\/10\/ezgif.com-gif-maker.png 512w, https:\/\/havila.ee\/wp-content\/uploads\/2015\/10\/ezgif.com-gif-maker-150x150.png 150w, https:\/\/havila.ee\/wp-content\/uploads\/2015\/10\/ezgif.com-gif-maker-300x300.png 300w, https:\/\/havila.ee\/wp-content\/uploads\/2015\/10\/ezgif.com-gif-maker-130x130.png 130w, https:\/\/havila.ee\/wp-content\/uploads\/2015\/10\/ezgif.com-gif-maker-40x40.png 40w\" sizes=\"(max-width: 50px) 100vw, 50px\" \/><\/a>[\/vc_column_text][\/vc_column][vc_column offset=&#8221;vc_col-lg-7 vc_col-md-6&#8243; css=&#8221;.vc_custom_1450444946350{padding-left: 45px !important;}&#8221;][vc_row_inner el_class=&#8221;reset-sm-paddings&#8221; el_id=&#8221;request&#8221;][vc_column_inner el_class=&#8221;base_bg_color&#8221; css=&#8221;.vc_custom_1450423858601{padding-top: 80px !important;padding-right: 40px !important;padding-bottom: 50px !important;padding-left: 40px !important;}&#8221;][vc_custom_heading text=&#8221;K\u00fcsi pakkumist&#8221; font_container=&#8221;tag:h2|text_align:left|color:%23ffffff&#8221; use_theme_fonts=&#8221;yes&#8221;]\n<div class=\"wpcf7 no-js\" id=\"wpcf7-f3411-o1\" lang=\"en-US\" dir=\"ltr\">\n<div class=\"screen-reader-response\"><p role=\"status\" aria-live=\"polite\" aria-atomic=\"true\"><\/p> <ul><\/ul><\/div>\n<form action=\"\/et\/wp-json\/wp\/v2\/pages\/1405#wpcf7-f3411-o1\" method=\"post\" class=\"wpcf7-form init\" aria-label=\"Contact form\" novalidate=\"novalidate\" data-status=\"init\">\n<div style=\"display: none;\">\n<input type=\"hidden\" name=\"_wpcf7\" value=\"3411\" \/>\n<input type=\"hidden\" name=\"_wpcf7_version\" value=\"5.9.7\" \/>\n<input type=\"hidden\" name=\"_wpcf7_locale\" value=\"en_US\" \/>\n<input type=\"hidden\" name=\"_wpcf7_unit_tag\" value=\"wpcf7-f3411-o1\" \/>\n<input type=\"hidden\" name=\"_wpcf7_container_post\" value=\"0\" \/>\n<input type=\"hidden\" name=\"_wpcf7_posted_data_hash\" value=\"\" \/>\n<\/div>\n<div class=\"col-md-12\">\n\t<div class=\"input-group\">\n\t\t<p><span class=\"wpcf7-form-control-wrap\" data-name=\"freight_type\"><select class=\"wpcf7-form-control wpcf7-select\" aria-invalid=\"false\" name=\"freight_type\"><option value=\"\">Valige teenus<\/option><option value=\"Kemikaalide veod\">Kemikaalide veod<\/option><option value=\"Touiduainete veod\">Touiduainete veod<\/option><option value=\"Raudteeveod\">Raudteeveod<\/option><option value=\"Infrastruktuur\">Infrastruktuur<\/option><option value=\"Muu\">Muu<\/option><\/select><\/span>\n\t\t<\/p>\n\t<\/div>\n<\/div>\n<div class=\"col-md-6\">\n\t<div class=\"input-group\">\n\t\t<p><span class=\"wpcf7-form-control-wrap\" data-name=\"departure_city\"><input size=\"40\" maxlength=\"400\" class=\"wpcf7-form-control wpcf7-text wpcf7-validates-as-required\" aria-required=\"true\" aria-invalid=\"false\" placeholder=\"Nimi\" value=\"\" type=\"text\" name=\"departure_city\" \/><\/span>\n\t\t<\/p>\n\t<\/div>\n<\/div>\n<div class=\"col-md-6\">\n\t<div class=\"input-group\">\n\t\t<p><span class=\"wpcf7-form-control-wrap\" data-name=\"delivery_city\"><input size=\"40\" maxlength=\"400\" class=\"wpcf7-form-control wpcf7-text\" aria-invalid=\"false\" placeholder=\"Perekonnanimi\" value=\"\" type=\"text\" name=\"delivery_city\" \/><\/span>\n\t\t<\/p>\n\t<\/div>\n<\/div>\n<div class=\"col-md-12\">\n<\/div>\n<div class=\"col-md-12\">\n\t<div class=\"input-group\">\n\t\t<p><span class=\"wpcf7-form-control-wrap\" data-name=\"email\"><input size=\"40\" maxlength=\"400\" class=\"wpcf7-form-control wpcf7-email wpcf7-validates-as-required wpcf7-text wpcf7-validates-as-email\" aria-required=\"true\" aria-invalid=\"false\" placeholder=\"E-post\" value=\"\" type=\"email\" name=\"email\" \/><\/span>\n\t\t<\/p>\n\t<\/div>\n\t<div class=\"input-group\">\n\t\t<p><span class=\"wpcf7-form-control-wrap\" data-name=\"message\"><textarea cols=\"40\" rows=\"10\" maxlength=\"2000\" class=\"wpcf7-form-control wpcf7-textarea\" aria-invalid=\"false\" placeholder=\"S\u00f5num\" name=\"message\"><\/textarea><\/span>\n\t\t<\/p>\n\t<\/div>\n\t<p>Sisestage kood: <input type=\"hidden\" name=\"_wpcf7_captcha_challenge_captcha-778\" value=\"1444898368\" \/><img decoding=\"async\" class=\"wpcf7-form-control wpcf7-captchac wpcf7-captcha-captcha-778\" width=\"60\" height=\"20\" alt=\"captcha\" src=\"https:\/\/havila.ee\/wp-content\/uploads\/wpcf7_captcha\/1444898368.png\" \/><br \/>\n<span class=\"wpcf7-form-control-wrap\" data-name=\"captcha-778\"><input size=\"4\" maxlength=\"4\" class=\"wpcf7-form-control wpcf7-captchar\" autocomplete=\"off\" aria-invalid=\"false\" value=\"\" type=\"text\" name=\"captcha-778\" \/><\/span>\n\t<\/p>\n\t<div class=\"input-group\">\n\t\t<p><button class=\"button size-sm fullwidth white-text theme-wpcf7-submit\"> Saada s\u00f5num<br \/>\n<i class=\"stm-arrow-next\"><\/i><\/button>\n\t\t<\/p>\n\t<\/div>\n<\/div><p style=\"display: none !important;\" class=\"akismet-fields-container\" data-prefix=\"_wpcf7_ak_\"><label>&#916;<textarea name=\"_wpcf7_ak_hp_textarea\" cols=\"45\" rows=\"8\" maxlength=\"100\"><\/textarea><\/label><input type=\"hidden\" id=\"ak_js_1\" name=\"_wpcf7_ak_js\" value=\"90\"\/><script>document.getElementById( \"ak_js_1\" ).setAttribute( \"value\", ( new Date() ).getTime() );<\/script><\/p><div class=\"wpcf7-response-output\" aria-hidden=\"true\"><\/div>\n<\/form>\n<\/div>\n[\/vc_column_inner][\/vc_row_inner][\/vc_column][\/vc_row][vc_row full_width=&#8221;stretch_row_content_no_spaces&#8221; css_animation=&#8221;fadeIn&#8221; css=&#8221;.vc_custom_1590479403327{margin-bottom: 0px !important;}&#8221;][vc_column][vc_column_text css=&#8221;.vc_custom_1732093201351{background-color: #208b48 !important;}&#8221;]\n<table style=\"height: 92px; width: 100%; border-spacing; background-color: #ffffff; border-color: #ffffff; background-color: #ffffff;\" border=\"0\" cellspacing=\"0\" cellpadding=\"0\">\n<tbody>\n<tr style=\"height: 92px; border-color: #ffffff; background-color: #ffffff;\">\n<td style=\"width: 16.6667%; height: 92px; border-color: #ffffff; background-color: #ffffff;\"><a href=\"https:\/\/www.international-tank-container.org\/\" target=\"_blank\" rel=\"noopener noreferrer\"><img loading=\"lazy\" decoding=\"async\" class=\"aligncenter wp-image-2099\" src=\"https:\/\/havila.ee\/wp-content\/uploads\/2015\/10\/itco.png\" alt=\"\" width=\"70\" height=\"53\" srcset=\"https:\/\/havila.ee\/wp-content\/uploads\/2015\/10\/itco.png 1900w, https:\/\/havila.ee\/wp-content\/uploads\/2015\/10\/itco-300x225.png 300w, https:\/\/havila.ee\/wp-content\/uploads\/2015\/10\/itco-768x576.png 768w, https:\/\/havila.ee\/wp-content\/uploads\/2015\/10\/itco-1024x768.png 1024w\" sizes=\"(max-width: 70px) 100vw, 70px\" \/><\/a><\/td>\n<td style=\"width: 16.6667%; height: 92px; border-color: #ffffff; background-color: #ffffff;\"><a href=\"https:\/\/www.iso.org\/\" target=\"_blank\" rel=\"noopener noreferrer\"><img loading=\"lazy\" decoding=\"async\" class=\"size-medium wp-image-3923 aligncenter\" src=\"https:\/\/havila.ee\/wp-content\/uploads\/2024\/11\/iso-9001-rgb-279x300.jpg\" alt=\"\" width=\"70\" height=\"70\" srcset=\"https:\/\/havila.ee\/wp-content\/uploads\/2024\/11\/iso-9001-rgb-150x150.jpg 150w, https:\/\/havila.ee\/wp-content\/uploads\/2024\/11\/iso-9001-rgb-130x130.jpg 130w, https:\/\/havila.ee\/wp-content\/uploads\/2024\/11\/iso-9001-rgb-40x40.jpg 40w\" sizes=\"(max-width: 70px) 100vw, 70px\" \/><\/a><\/td>\n<td style=\"width: 16.6667%; height: 92px; border-color: #ffffff; background-color: #ffffff;\"><a href=\"https:\/\/rs-class.org\/\" target=\"_blank\" rel=\"noopener noreferrer\"><img loading=\"lazy\" decoding=\"async\" class=\"aligncenter wp-image-2140\" src=\"https:\/\/havila.ee\/wp-content\/uploads\/2015\/10\/morereg-removebg-preview.png\" alt=\"\" width=\"70\" height=\"70\" srcset=\"https:\/\/havila.ee\/wp-content\/uploads\/2015\/10\/morereg-removebg-preview.png 350w, https:\/\/havila.ee\/wp-content\/uploads\/2015\/10\/morereg-removebg-preview-150x150.png 150w, https:\/\/havila.ee\/wp-content\/uploads\/2015\/10\/morereg-removebg-preview-300x300.png 300w, https:\/\/havila.ee\/wp-content\/uploads\/2015\/10\/morereg-removebg-preview-130x130.png 130w, https:\/\/havila.ee\/wp-content\/uploads\/2015\/10\/morereg-removebg-preview-40x40.png 40w\" sizes=\"(max-width: 70px) 100vw, 70px\" \/><\/a><\/td>\n<td style=\"width: 16.6667%; height: 92px; border-color: #ffffff; background-color: #ffffff;\"><a href=\"http:\/\/eftco.org\" target=\"_blank\" rel=\"noopener noreferrer\"><img loading=\"lazy\" decoding=\"async\" class=\"aligncenter wp-image-2095\" src=\"https:\/\/havila.ee\/wp-content\/uploads\/2015\/10\/logo.png\" alt=\"\" width=\"70\" height=\"48\" \/><\/a><\/td>\n<td style=\"width: 16.6667%; height: 92px; border-color: #ffffff; background-color: #ffffff;\"><a href=\"https:\/\/www.sqas.org\/\" target=\"_blank\" rel=\"noopener noreferrer\"><img loading=\"lazy\" decoding=\"async\" class=\"aligncenter wp-image-2148\" src=\"https:\/\/havila.ee\/wp-content\/uploads\/2015\/10\/sqas-removebg-preview.png\" alt=\"\" width=\"70\" height=\"50\" srcset=\"https:\/\/havila.ee\/wp-content\/uploads\/2015\/10\/sqas-removebg-preview.png 592w, https:\/\/havila.ee\/wp-content\/uploads\/2015\/10\/sqas-removebg-preview-300x213.png 300w\" sizes=\"(max-width: 70px) 100vw, 70px\" \/><\/a><\/td>\n<td style=\"width: 16.6667%; height: 92px; border-color: #ffffff; background-color: #ffffff;\"><a href=\"https:\/\/epca.eu\/\" target=\"_blank\" rel=\"noopener noreferrer\"><img loading=\"lazy\" decoding=\"async\" class=\"aligncenter wp-image-2152\" src=\"https:\/\/havila.ee\/wp-content\/uploads\/2015\/10\/epca-removebg-preview.png\" alt=\"\" width=\"70\" height=\"24\" srcset=\"https:\/\/havila.ee\/wp-content\/uploads\/2015\/10\/epca-removebg-preview.png 846w, https:\/\/havila.ee\/wp-content\/uploads\/2015\/10\/epca-removebg-preview-300x105.png 300w, https:\/\/havila.ee\/wp-content\/uploads\/2015\/10\/epca-removebg-preview-768x268.png 768w\" sizes=\"(max-width: 70px) 100vw, 70px\" \/><\/a><\/td>\n<\/tr>\n<\/tbody>\n<\/table>\n[\/vc_column_text][\/vc_column][\/vc_row][vc_column][vc_column_text][\/vc_column_text][\/vc_column][vc_row full_width=&#8221;stretch_row_content_no_spaces&#8221; full_height=&#8221;yes&#8221; el_class=&#8221;vidvid&#8221; el_id=&#8221;how-to-find-us&#8221; css=&#8221;.vc_custom_1708339830674{background-image: url(https:\/\/havila.ee\/wp-content\/uploads\/2024\/02\/havila-map_2-1-1-1.gif?id=3888) !important;background-position: center !important;background-repeat: no-repeat !important;background-size: cover !important;}&#8221;][vc_column width=&#8221;1\/3&#8243;][\/vc_column][vc_column width=&#8221;1\/3&#8243; css=&#8221;.vc_custom_1593770613531{padding-top: 150px !important;background-color: rgba(255,255,255,0.88) !important;*background-color: rgb(255,255,255) !important;}&#8221; el_class=&#8221;find&#8221;][vc_column_text css=&#8221;.vc_custom_1599076420086{background-color: rgba(255,255,255,0.86) !important;*background-color: rgb(255,255,255) !important;}&#8221;]\n<p style=\"text-align: center;\"><span style=\"font-size: 18pt;\">Kuidas meid leida?\u00a0<\/span><\/p>\n<div class=\"bbb\">[vc_btn title=&#8221;Kontorid&#8221; style=&#8221;custom&#8221; custom_background=&#8221;#207b47&#8243; custom_text=&#8221;#ffffff&#8221; shape=&#8221;square&#8221; align=&#8221;inline&#8221; i_icon_fontawesome=&#8221;fa fa-map-marker&#8221; add_icon=&#8221;true&#8221; link=&#8221;url:http%3A%2F%2Fhavila.ee%2Fet%2Fkontorid%2F|||&#8221; css=&#8221;.vc_custom_1590400890938{background-color:;}&#8221;] [vc_btn title=&#8221;Depood&#8221; style=&#8221;custom&#8221; custom_background=&#8221;#207b47&#8243; custom_text=&#8221;#ffffff&#8221; shape=&#8221;square&#8221; align=&#8221;inline&#8221; i_icon_fontawesome=&#8221;fa fa-map-marker&#8221; add_icon=&#8221;true&#8221; link=&#8221;url:http%3A%2F%2Fhavila.ee%2Fet%2Fdepood%2F|||&#8221; css=&#8221;.vc_custom_1590400693076{background-color:;}&#8221;]<\/div>\n[\/vc_column_text][\/vc_column][vc_column width=&#8221;1\/3&#8243;][\/vc_column][\/vc_row]\n<\/div>","protected":false},"excerpt":{"rendered":"<p>[vc_row full_width=&#8221;stretch_row_content_no_spaces&#8221; css=&#8221;.vc_custom_1445941555299{margin-bottom: 0px !important;}&#8221;][vc_column][rev_slider_vc alias=&#8221;main_slider&#8221;][\/vc_column][\/vc_row][vc_row full_width=&#8221;stretch_row&#8221; el_class=&#8221;base_bg_color no_overflow_hidden&#8221; css=&#8221;.vc_custom_1448432556856{margin-bottom: 80px !important;}&#8221;][vc_column width=&#8221;1\/4&#8243; offset=&#8221;vc_hidden-xs&#8221;][stm_rev_slider_nav title=&#8221;Kemikaalide veod&#8221; icon=&#8221;kolba1-2&#8243; slide_number=&#8221;1&#8243;][\/vc_column][vc_column width=&#8221;1\/4&#8243; offset=&#8221;vc_hidden-xs&#8221;][stm_rev_slider_nav title=&#8221;Touiduainete veod&#8221; icon=&#8221;food_black-02221&#8243; slide_number=&#8221;2&#8243;][\/vc_column][vc_column width=&#8221;1\/4&#8243; offset=&#8221;vc_hidden-xs&#8221;][stm_rev_slider_nav title=&#8221;Raudteeveod&#8221; icon=&#8221;zd-2&#8243; slide_number=&#8221;3&#8243;][\/vc_column][vc_column width=&#8221;1\/4&#8243; offset=&#8221;vc_hidden-xs&#8221;][stm_rev_slider_nav title=&#8221;Infrastruktuur&#8221; icon=&#8221;kolba19-21&#8243;&#8230;<\/p>\n","protected":false},"author":1,"featured_media":0,"parent":0,"menu_order":0,"comment_status":"closed","ping_status":"open","template":"","meta":{"footnotes":""},"class_list":["post-1405","page","type-page","status-publish","hentry"],"_links":{"self":[{"href":"https:\/\/havila.ee\/et\/wp-json\/wp\/v2\/pages\/1405"}],"collection":[{"href":"https:\/\/havila.ee\/et\/wp-json\/wp\/v2\/pages"}],"about":[{"href":"https:\/\/havila.ee\/et\/wp-json\/wp\/v2\/types\/page"}],"author":[{"embeddable":true,"href":"https:\/\/havila.ee\/et\/wp-json\/wp\/v2\/users\/1"}],"replies":[{"embeddable":true,"href":"https:\/\/havila.ee\/et\/wp-json\/wp\/v2\/comments?post=1405"}],"version-history":[{"count":19,"href":"https:\/\/havila.ee\/et\/wp-json\/wp\/v2\/pages\/1405\/revisions"}],"predecessor-version":[{"id":3931,"href":"https:\/\/havila.ee\/et\/wp-json\/wp\/v2\/pages\/1405\/revisions\/3931"}],"wp:attachment":[{"href":"https:\/\/havila.ee\/et\/wp-json\/wp\/v2\/media?parent=1405"}],"curies":[{"name":"wp","href":"https:\/\/api.w.org\/{rel}","templated":true}]}}