{"id":3413,"date":"2019-10-31T13:51:23","date_gmt":"2019-10-31T13:51:23","guid":{"rendered":"https:\/\/havila.ee\/o-kompanii\/"},"modified":"2023-02-09T12:52:45","modified_gmt":"2023-02-09T12:52:45","slug":"ettevottest","status":"publish","type":"page","link":"https:\/\/havila.ee\/et\/ettevottest\/","title":{"rendered":"Ettev\u00f5ttest"},"content":{"rendered":"<div class=\"wpb-content-wrapper\">[vc_row][vc_column][\/vc_column][\/vc_row][vc_row][vc_column width=&#8221;1\/2&#8243;][vc_column_text]\n<p class=\"p1\"><span class=\"s1\">Havila Grupp on pereettev\u00f5te.\u00a0Grupi asutaja Igor Lepetukhini tohutu kogemus naftakeemia\u00e4ris v\u00f5imaldas ettev\u00f5ttel areneda ja h\u00f5ivata oma ni\u0161\u0161 logistika\u00e4ris.<\/span><\/p>\n<p class=\"p1\"><span class=\"s1\">Piiratud paakkonteinerite ja raudteeplatvormidega on kontserni k\u00f5ige v\u00e4\u00e4rtuslikum vara &#8211; r\u00fchm noori proaktiivseid ja ambitsioonikaid t\u00f6\u00f6tajaid.<\/span><\/p>\n<p class=\"p1\"><span class=\"s1\">Ettev\u00f5tte grupi struktuur eristab nelja peamist t\u00f6\u00f6valdkonda:<\/span><\/p>\n<ul class=\"ul1\">\n<li class=\"li1\"><span class=\"s1\">Keemiakalide vedu<\/span><\/li>\n<li class=\"li1\"><span class=\"s1\">Toiduainet\u00f6\u00f6stuse kaupade vedu<\/span><\/li>\n<li class=\"li1\"><span class=\"s1\">Raudteeveod<\/span><\/li>\n<li class=\"li1\"><span class=\"s1\">Depoode opereerimine<\/span><\/li>\n<\/ul>\n<p class=\"p1\"><span class=\"s1\">K\u00f5ik kontserni ettev\u00f5tted jagunevad kas geograafilise v\u00f5i \u00e4ritegevuse spetsiifika j\u00e4rgi.\u00a0See jagunemine v\u00f5imaldab meil reageerida turumuutustele kiiremas korras ning on klientidele v\u00e4ga mugav.<\/span><\/p>\n<p class=\"p2\"><span class=\"s1\">Hea meelega vastame k\u00f5ikidele teie k\u00fcsimustele\u00a0<a href=\"mailto:info@havila.ee\"><span class=\"s3\">info@havila.ee<\/span><\/a><\/span><\/p>\n[\/vc_column_text][\/vc_column][vc_column width=&#8221;1\/2&#8243;][vc_column_text]\t<div class=\"company-info-block\">\n\t\t<div class=\"company-links\">\n            \t\t\t<a class=\"company-modal\"\n               data-toggle=\"popover\"\n               data-trigger=\"hover\"\n               data-html=\"true\"\n               title='&lt;p&gt;EcoChemPlus&lt;\/p&gt;\n'\n               data-content='<p>Registration Number 1126829002167<\/p>\n<p>st.\u00a0Montazhnikov, 1<br \/>\n392000, Russia<br \/>\ntel: +7 915 660 60 50<br \/>\n<a href=\"info@ecochemplus.ru\">info@ecochemplus.ru<\/a><\/p>\n'\n               style=\"top: 16.5%;left: 13.6%;\">Ecochem Plus<\/a>\n            \t\t\t<a class=\"company-modal\"\n               data-toggle=\"popover\"\n               data-trigger=\"hover\"\n               data-html=\"true\"\n               title='&lt;p&gt;EcoChemPlus Togliatti&lt;\/p&gt;\n'\n               data-content='<p>Registration Number 1156316001269<\/p>\n<p>St.\u00a0Larina 140<br \/>\n445007, Russia<br \/>\ntel: +7 919 815 05 32<br \/>\n<a href=\"mailto:info@ecochemplus-t.ru\">info@ecochemplus-t.ru<\/a><\/p>\n'\n               style=\"top: 5.9%;left: 43.7%;\">Ecochem Plus<\/a>\n            \t\t\t<a class=\"company-modal\"\n               data-toggle=\"popover\"\n               data-trigger=\"hover\"\n               data-html=\"true\"\n               title='&lt;p&gt;TransChem Eurasia&lt;\/p&gt;\n'\n               data-content='<p>Registration Number 1097746835218<\/p>\n<p>st.\u00a0Prechistenka 40\/2 bldg. 1<br \/>\nroom 2-10, floor 3<br \/>\n119034, Moscow, Russia<br \/>\ntel: +74952870441<br \/>\n<a href=\"mailto:info@transchem-ea.com\">info@transchem-ea.com<\/a><\/p>\n'\n               style=\"top: 22.1%;left: 71.96%;\">Ecochem Plus<\/a>\n            \t\t\t<a class=\"company-modal\"\n               data-toggle=\"popover\"\n               data-trigger=\"hover\"\n               data-html=\"true\"\n               title='&lt;p&gt;EestiChem&lt;\/p&gt;\n'\n               data-content='<p>Registration Number 11183216<\/p>\n<p>st.\u00a0Narva mnt.\u00a07<br \/>\noffice 454<br \/>\n10117, Tallinn, Estonia<br \/>\ntel: +372 610 94 10<br \/>\n<a href=\"info@havila.ee\">info@havila.ee<\/a><\/p>\n<p>st.\u00a0Gronek 1,<br \/>\noffice 41-260<br \/>\n41-260, Slavkov, Poland<br \/>\ntel: +48 784 102 316<br \/>\n<a href=\"mailto:info@havila.ee\">info@havila.ee<\/a><\/p>\n'\n               style=\"top: 54%;left: 74.6%;\">Ecochem Plus<\/a>\n            \t\t\t<a class=\"company-modal\"\n               data-toggle=\"popover\"\n               data-trigger=\"hover\"\n               data-html=\"true\"\n               title='&lt;p&gt;UkrChem&lt;\/p&gt;\n'\n               data-content='<p>St.\u00a0Bratskaya 3<br \/>\noffice 1<br \/>\n04070, Kiev, Ukraine<br \/>\nTel.\u00a0+38 044 594 73 27<br \/>\n<a href=\"mailto:info@havila.ee\">info@havila.ee<\/a><\/p>\n'\n               style=\"top: 76.2%;left: 53.6%;\">Ecochem Plus<\/a>\n            \t\t\t<a class=\"company-modal\"\n               data-toggle=\"popover\"\n               data-trigger=\"hover\"\n               data-html=\"true\"\n               title='&lt;p&gt;LatTranschem&lt;\/p&gt;\n'\n               data-content='<p>Registration Number 40103762062<\/p>\n<p>st.\u00a0Terbatas 74A<br \/>\noffice 206<br \/>\nLV-1001, Riga, Latvia<br \/>\ntel: +371 232 26 655<br \/>\n<a href=\"mailto:info@havila.ee\">info@havila.ee<\/a><\/p>\n'\n               style=\"top: 73.9%;left: 20%;\">Ecochem Plus<\/a>\n            \t\t\t<a class=\"company-modal\"\n               data-toggle=\"popover\"\n               data-trigger=\"hover\"\n               data-html=\"true\"\n               title='&lt;p&gt;ChemLog&lt;\/p&gt;\n'\n               data-content='<p>Registration Number 2713023-5<\/p>\n'\n               style=\"top: 48%;left: 6%;\">Ecochem Plus<\/a>\n            \t\t<\/div>\n\t\t<img decoding=\"async\" class=\"alignnone size-medium wp-image-3113\" src=\"http:\/\/havila.ee\/wp-content\/uploads\/2020\/09\/havila-sunflower-e1599579945420.png\" alt=\"\" \/>\n\t<\/div>\n\t[\/vc_column_text][\/vc_column][\/vc_row][vc_row][vc_column][vc_column_text][\/vc_column_text][vc_separator][vc_message]Osa\u00fching Havila teade \u00e4riseadustiku \u00a7 4335 l\u00f5ike 1 ja l\u00f5ike 4 alusel:<br \/>\n\u2022 Os\u00fching Havila (\u00fchendav \u00fching) on 01.02.2023 s\u00f5lminud piiri\u00fclese \u00fchinemise lepingu \u00e4ri\u00fchinguga EcoChem B.V. (Madalmaade Kaubanduskoja \u00e4riregistri number 24466633). \u00dchinemislepinguga on v\u00f5imalik tutvuda Osa\u00fching Havila kodulehek\u00fcljel ja asukohas Narva mnt 7-454, 10117 Tallinn, Harju maakond, Eesti Vabariik.<br \/>\n\u2022 Osa\u00fching Havila osanikud, v\u00f5lausaldajad ja t\u00f6\u00f6tajad (juhul kui \u00e4ri\u00fchingul on t\u00f6\u00f6tajaid) v\u00f5ivad hiljemalt 03.04.2023 esitada Osa\u00fchingule Havila \u00fchinemislepingu kohta m\u00e4rkusi.<\/p>\n<table style=\"border-collapse: collapse; width: 37%; height: 36px;\">\n<tbody>\n<tr style=\"height: 36px;\">\n<td style=\"width: 32%; height: 36px;\">Lisa: PIIRI\u00dcLESE \u00dcHINEMISE LEPING<\/td>\n<td style=\"width: 5.31915%; height: 36px; text-align: left;\"><a href=\"https:\/\/havila.ee\/wp-content\/uploads\/2023\/02\/piiriulese-uhinemise-leping.pdf\" target=\"_blank\" rel=\"noopener\"><img decoding=\"async\" class=\"aligncenter wp-image-2410\" title=\"PIIRI\u00dcLESE \u00dcHINEMISE LEPING\" src=\"https:\/\/havila.ee\/wp-content\/uploads\/2015\/10\/files.svg\" alt=\"Merger agreement\" width=\"36\" height=\"36\" \/><\/a><\/td>\n<\/tr>\n<tr>\n<td style=\"width: 32%;\">Lisa1: HAVILA O\u00dc P\u00d5HIKIRI<\/td>\n<td style=\"width: 5.31915%; text-align: left;\"><a href=\"https:\/\/havila.ee\/wp-content\/uploads\/2023\/02\/lisa-1.pdf\" target=\"_blank\" rel=\"noopener\"><img decoding=\"async\" class=\"aligncenter wp-image-2410\" title=\"HAVILA O\u00dc P\u00d5HIKIRI\" src=\"https:\/\/havila.ee\/wp-content\/uploads\/2015\/10\/files.svg\" alt=\"HAVILA O\u00dc P\u00d5HIKIRI\" width=\"36\" height=\"36\" \/><\/a><\/td>\n<\/tr>\n<\/tbody>\n<\/table>\n[\/vc_message][\/vc_column][\/vc_row]\n<\/div>","protected":false},"excerpt":{"rendered":"<p>[vc_row][vc_column][\/vc_column][\/vc_row][vc_row][vc_column width=&#8221;1\/2&#8243;][vc_column_text] Havila Grupp on pereettev\u00f5te.\u00a0Grupi asutaja Igor Lepetukhini tohutu kogemus naftakeemia\u00e4ris v\u00f5imaldas ettev\u00f5ttel areneda ja h\u00f5ivata oma ni\u0161\u0161 logistika\u00e4ris. Piiratud paakkonteinerite ja raudteeplatvormidega on kontserni k\u00f5ige v\u00e4\u00e4rtuslikum vara &#8211; r\u00fchm noori proaktiivseid&#8230;<\/p>\n","protected":false},"author":1,"featured_media":0,"parent":0,"menu_order":0,"comment_status":"closed","ping_status":"closed","template":"","meta":{"footnotes":""},"class_list":["post-3413","page","type-page","status-publish","hentry"],"_links":{"self":[{"href":"https:\/\/havila.ee\/et\/wp-json\/wp\/v2\/pages\/3413"}],"collection":[{"href":"https:\/\/havila.ee\/et\/wp-json\/wp\/v2\/pages"}],"about":[{"href":"https:\/\/havila.ee\/et\/wp-json\/wp\/v2\/types\/page"}],"author":[{"embeddable":true,"href":"https:\/\/havila.ee\/et\/wp-json\/wp\/v2\/users\/1"}],"replies":[{"embeddable":true,"href":"https:\/\/havila.ee\/et\/wp-json\/wp\/v2\/comments?post=3413"}],"version-history":[{"count":7,"href":"https:\/\/havila.ee\/et\/wp-json\/wp\/v2\/pages\/3413\/revisions"}],"predecessor-version":[{"id":3817,"href":"https:\/\/havila.ee\/et\/wp-json\/wp\/v2\/pages\/3413\/revisions\/3817"}],"wp:attachment":[{"href":"https:\/\/havila.ee\/et\/wp-json\/wp\/v2\/media?parent=3413"}],"curies":[{"name":"wp","href":"https:\/\/api.w.org\/{rel}","templated":true}]}}