{"id":3419,"date":"2020-05-06T18:43:34","date_gmt":"2020-05-06T18:43:34","guid":{"rendered":"https:\/\/havila.ee\/ettevottest\/media-2\/"},"modified":"2021-10-27T06:49:12","modified_gmt":"2021-10-27T06:49:12","slug":"galerii","status":"publish","type":"page","link":"https:\/\/havila.ee\/et\/ettevottest\/galerii\/","title":{"rendered":"Galerii"},"content":{"rendered":"<div class=\"wpb-content-wrapper\">[vc_row][vc_column offset=&#8221;vc_hidden-sm vc_hidden-xs&#8221;][vc_column_text]\n<h4>Pildigalerii:<\/h4>\n[\/vc_column_text][vc_gallery type=&#8221;flexslider_slide&#8221; interval=&#8221;0&#8243; images=&#8221;3151,3155,3159,3163,3179,3175,3171,3167&#8243; img_size=&#8221;large&#8221; css_animation=&#8221;fadeIn&#8221;][\/vc_column][\/vc_row][vc_row][vc_column offset=&#8221;vc_hidden-lg vc_hidden-md&#8221;][vc_column_text]\n<h4>Pildigalerii:<\/h4>\n[\/vc_column_text][vc_gallery type=&#8221;flexslider_slide&#8221; interval=&#8221;0&#8243; images=&#8221;3151,3155,3159,3163,3179,3175,3171,3167&#8243; img_size=&#8221;medium&#8221; css_animation=&#8221;fadeIn&#8221;][\/vc_column][\/vc_row][vc_row][vc_column][vc_column_text]\n<h4>Videogalerii:<\/h4>\n<h5>1. Havila \/ ecochemplus \u2013 paakkonteinerite k\u00e4itlemine ja remont.<\/h5>\n<p><iframe title=\"HAVILA \/ Ecochemplus - \u043e\u0431\u0440\u0430\u0431\u043e\u0442\u043a\u0430 \u0438 \u0440\u0435\u043c\u043e\u043d\u0442 \u0442\u0430\u043d\u043a-\u043a\u043e\u043d\u0442\u0435\u0439\u043d\u0435\u0440\u043e\u0432\" width=\"1080\" height=\"608\" src=\"https:\/\/www.youtube.com\/embed\/iHNvsKHHLlM?feature=oembed\" frameborder=\"0\" allow=\"accelerometer; autoplay; clipboard-write; encrypted-media; gyroscope; picture-in-picture\" allowfullscreen><\/iframe><\/p>\n<h5>2. Havila kontserni juhatuse liikme igor ivanovit\u0161 lepetuhhini s\u00f5nav\u00f5tt.\u00a0Ettekanne teemal&#8221; paakkonteinerite ettevalmistamine vedelate kemikaalide transportimiseks&#8221;.<\/h5>\n<p><iframe title=\"\u0412\u044b\u0441\u0442\u0430\u0432\u043a\u0430 \u0425\u0438\u043c\u0438\u044f 2018\" width=\"1080\" height=\"608\" src=\"https:\/\/www.youtube.com\/embed\/knTX5_3s9hA?feature=oembed\" frameborder=\"0\" allow=\"accelerometer; autoplay; clipboard-write; encrypted-media; gyroscope; picture-in-picture\" allowfullscreen><\/iframe><\/p>\n[\/vc_column_text][\/vc_column][vc_column][\/vc_column][\/vc_row][vc_row][vc_column][\/vc_column][\/vc_row]\n<\/div>","protected":false},"excerpt":{"rendered":"<p>[vc_row][vc_column offset=&#8221;vc_hidden-sm vc_hidden-xs&#8221;][vc_column_text] Pildigalerii: [\/vc_column_text][vc_gallery type=&#8221;flexslider_slide&#8221; interval=&#8221;0&#8243; images=&#8221;3151,3155,3159,3163,3179,3175,3171,3167&#8243; img_size=&#8221;large&#8221; css_animation=&#8221;fadeIn&#8221;][\/vc_column][\/vc_row][vc_row][vc_column offset=&#8221;vc_hidden-lg vc_hidden-md&#8221;][vc_column_text] Pildigalerii: [\/vc_column_text][vc_gallery type=&#8221;flexslider_slide&#8221; interval=&#8221;0&#8243; images=&#8221;3151,3155,3159,3163,3179,3175,3171,3167&#8243; img_size=&#8221;medium&#8221; css_animation=&#8221;fadeIn&#8221;][\/vc_column][\/vc_row][vc_row][vc_column][vc_column_text] Videogalerii: 1. Havila \/ ecochemplus \u2013 paakkonteinerite k\u00e4itlemine ja remont. 2. Havila kontserni juhatuse&#8230;<\/p>\n","protected":false},"author":1,"featured_media":0,"parent":3413,"menu_order":0,"comment_status":"closed","ping_status":"closed","template":"","meta":{"footnotes":""},"class_list":["post-3419","page","type-page","status-publish","hentry"],"_links":{"self":[{"href":"https:\/\/havila.ee\/et\/wp-json\/wp\/v2\/pages\/3419"}],"collection":[{"href":"https:\/\/havila.ee\/et\/wp-json\/wp\/v2\/pages"}],"about":[{"href":"https:\/\/havila.ee\/et\/wp-json\/wp\/v2\/types\/page"}],"author":[{"embeddable":true,"href":"https:\/\/havila.ee\/et\/wp-json\/wp\/v2\/users\/1"}],"replies":[{"embeddable":true,"href":"https:\/\/havila.ee\/et\/wp-json\/wp\/v2\/comments?post=3419"}],"version-history":[{"count":4,"href":"https:\/\/havila.ee\/et\/wp-json\/wp\/v2\/pages\/3419\/revisions"}],"predecessor-version":[{"id":3736,"href":"https:\/\/havila.ee\/et\/wp-json\/wp\/v2\/pages\/3419\/revisions\/3736"}],"up":[{"embeddable":true,"href":"https:\/\/havila.ee\/et\/wp-json\/wp\/v2\/pages\/3413"}],"wp:attachment":[{"href":"https:\/\/havila.ee\/et\/wp-json\/wp\/v2\/media?parent=3419"}],"curies":[{"name":"wp","href":"https:\/\/api.w.org\/{rel}","templated":true}]}}