{"id":3422,"date":"2019-10-31T13:52:30","date_gmt":"2019-10-31T13:52:30","guid":{"rendered":"https:\/\/havila.ee\/vakansii\/"},"modified":"2020-09-03T06:50:47","modified_gmt":"2020-09-03T06:50:47","slug":"vabad-tookohad","status":"publish","type":"page","link":"https:\/\/havila.ee\/et\/vabad-tookohad\/","title":{"rendered":"Vabad t\u00f6\u00f6kohad"},"content":{"rendered":"<div class=\"wpb-content-wrapper\">[vc_row][vc_column][vc_column_text]\n<div id=\"c252\" class=\" \">\n<header><\/header>\n<div class=\"ce-textpic ce-right ce-intext\">\n<div class=\"ce-bodytext\">\n<h6><span style=\"font-family: arial, helvetica, sans-serif;\">Havila grupil pole hetkel \u00fchtegi avatud t\u00f6\u00f6pakkumist.<\/span><\/h6>\n<h6><span style=\"font-family: arial, helvetica, sans-serif;\">K\u00f5igi t\u00f6\u00f6h\u00f5ivega seotud k\u00fcsimuste puhul saate teavet, kirjutades aadressile <\/span><a href=\"mailto:info@havila.ee\"><span style=\"font-family: arial, helvetica, sans-serif;\">info@havila.ee<\/span><\/a><\/h6>\n<\/div>\n<\/div>\n<\/div>\n[\/vc_column_text][\/vc_column][\/vc_row]\n<\/div>","protected":false},"excerpt":{"rendered":"<p>[vc_row][vc_column][vc_column_text] Havila grupil pole hetkel \u00fchtegi avatud t\u00f6\u00f6pakkumist. K\u00f5igi t\u00f6\u00f6h\u00f5ivega seotud k\u00fcsimuste puhul saate teavet, kirjutades aadressile info@havila.ee [\/vc_column_text][\/vc_column][\/vc_row]<\/p>\n","protected":false},"author":1,"featured_media":0,"parent":0,"menu_order":0,"comment_status":"closed","ping_status":"closed","template":"","meta":{"footnotes":""},"class_list":["post-3422","page","type-page","status-publish","hentry"],"_links":{"self":[{"href":"https:\/\/havila.ee\/et\/wp-json\/wp\/v2\/pages\/3422"}],"collection":[{"href":"https:\/\/havila.ee\/et\/wp-json\/wp\/v2\/pages"}],"about":[{"href":"https:\/\/havila.ee\/et\/wp-json\/wp\/v2\/types\/page"}],"author":[{"embeddable":true,"href":"https:\/\/havila.ee\/et\/wp-json\/wp\/v2\/users\/1"}],"replies":[{"embeddable":true,"href":"https:\/\/havila.ee\/et\/wp-json\/wp\/v2\/comments?post=3422"}],"version-history":[{"count":2,"href":"https:\/\/havila.ee\/et\/wp-json\/wp\/v2\/pages\/3422\/revisions"}],"predecessor-version":[{"id":3472,"href":"https:\/\/havila.ee\/et\/wp-json\/wp\/v2\/pages\/3422\/revisions\/3472"}],"wp:attachment":[{"href":"https:\/\/havila.ee\/et\/wp-json\/wp\/v2\/media?parent=3422"}],"curies":[{"name":"wp","href":"https:\/\/api.w.org\/{rel}","templated":true}]}}