{"id":3424,"date":"2020-04-22T13:41:58","date_gmt":"2020-04-22T13:41:58","guid":{"rendered":"https:\/\/havila.ee\/perevozka-himicheskih-produktov-2\/"},"modified":"2020-09-03T07:01:53","modified_gmt":"2020-09-03T07:01:53","slug":"keemiakalide-veod","status":"publish","type":"page","link":"https:\/\/havila.ee\/et\/teenused\/keemiakalide-veod\/","title":{"rendered":"Keemikaalide veod"},"content":{"rendered":"<div class=\"wpb-content-wrapper\">[vc_row][vc_column][vc_column_text]<img decoding=\"async\" class=\"aligncenter wp-image-1727\" src=\"https:\/\/havila.ee\/wp-content\/uploads\/2020\/04\/03.png\" alt=\"\" width=\"90\" height=\"90\" srcset=\"https:\/\/havila.ee\/wp-content\/uploads\/2020\/04\/03.png 789w, https:\/\/havila.ee\/wp-content\/uploads\/2020\/04\/03-150x150.png 150w, https:\/\/havila.ee\/wp-content\/uploads\/2020\/04\/03-300x300.png 300w, https:\/\/havila.ee\/wp-content\/uploads\/2020\/04\/03-768x768.png 768w, https:\/\/havila.ee\/wp-content\/uploads\/2020\/04\/03-130x130.png 130w, https:\/\/havila.ee\/wp-content\/uploads\/2020\/04\/03-40x40.png 40w\" sizes=\"(max-width: 90px) 100vw, 90px\" \/><br \/>\n[\/vc_column_text][vc_column_text][\/vc_column_text][\/vc_column][\/vc_row][vc_row][vc_column width=&#8221;1\/2&#8243;][vc_column_text]\n<p class=\"p1\"><span class=\"s1\">Meie spetsialistidel on laialdased kogemused toodete transportimisel keemiat\u00f6\u00f6stuse erinevates valdkondades &#8211; n\u00e4iteks naftakeemia, koksikeemia, puidukeemia.<\/span><\/p>\n<p style=\"text-align: justify; line-height: 15.5pt; background: white; margin: 0cm 0cm 19.5pt 0cm;\"><span lang=\"RU\" style=\"font-size: 12pt; font-family: arial, helvetica, sans-serif; color: #808080;\"><img decoding=\"async\" class=\"size-medium wp-image-2688 aligncenter\" src=\"https:\/\/havila.ee\/wp-content\/uploads\/2020\/04\/44-methylene_diphenyl_diisocyanate.svg-1.png\" alt=\"\" width=\"300\" height=\"71\" srcset=\"https:\/\/havila.ee\/wp-content\/uploads\/2020\/04\/44-methylene_diphenyl_diisocyanate.svg-1.png 1920w, https:\/\/havila.ee\/wp-content\/uploads\/2020\/04\/44-methylene_diphenyl_diisocyanate.svg-1-300x71.png 300w, https:\/\/havila.ee\/wp-content\/uploads\/2020\/04\/44-methylene_diphenyl_diisocyanate.svg-1-768x181.png 768w, https:\/\/havila.ee\/wp-content\/uploads\/2020\/04\/44-methylene_diphenyl_diisocyanate.svg-1-1024x241.png 1024w\" sizes=\"(max-width: 300px) 100vw, 300px\" \/><\/span><\/p>\n<p class=\"p1\"><span class=\"s1\">Igal tootel, mis on lubatud transportimiseks, on ainulaadsed omadused, mida tuleb alati ohutu ja t\u00f5husa tarneahela tagamiseks arvesse v\u00f5tta.\u00a0Sellega seoses on meie paakkonteinerite laevastikus nii tavap\u00e4raseid kui ka spetsiaalseid paakkonteinereid erinevate keemiatoodete veoks.<\/span><\/p>\n<p style=\"text-align: justify; line-height: 15.5pt; background: white; margin: 0cm 0cm 19.5pt 0cm;\"><span lang=\"RU\" style=\"font-size: 12pt; font-family: arial, helvetica, sans-serif; color: #808080;\"><img decoding=\"async\" class=\"wp-image-2692 aligncenter\" src=\"https:\/\/havila.ee\/wp-content\/uploads\/2020\/04\/benzol.svg.png\" alt=\"\" width=\"71\" height=\"71\" srcset=\"https:\/\/havila.ee\/wp-content\/uploads\/2020\/04\/benzol.svg.png 800w, https:\/\/havila.ee\/wp-content\/uploads\/2020\/04\/benzol.svg-150x150.png 150w, https:\/\/havila.ee\/wp-content\/uploads\/2020\/04\/benzol.svg-300x300.png 300w, https:\/\/havila.ee\/wp-content\/uploads\/2020\/04\/benzol.svg-768x768.png 768w, https:\/\/havila.ee\/wp-content\/uploads\/2020\/04\/benzol.svg-130x130.png 130w, https:\/\/havila.ee\/wp-content\/uploads\/2020\/04\/benzol.svg-40x40.png 40w\" sizes=\"(max-width: 71px) 100vw, 71px\" \/><\/span><\/p>\n<p class=\"p1\"><span class=\"s1\">Kombineerides paakkonteinerite intermodaalseid eeliseid, konteinerite k\u00fctmis ja hoiustamise v\u00f5imalustega, pakume oma klientidele loovat l\u00e4henemist transpordi korraldamisele.<\/span><\/p>\n<p style=\"text-align: justify; line-height: 15.5pt; background: white; margin: 0cm 0cm 19.5pt 0cm;\"><span lang=\"RU\" style=\"font-size: 12pt; font-family: arial, helvetica, sans-serif; color: #808080;\"><img loading=\"lazy\" decoding=\"async\" class=\"size-medium wp-image-2724 aligncenter\" src=\"https:\/\/havila.ee\/wp-content\/uploads\/2020\/04\/dim-2.png\" alt=\"\" width=\"300\" height=\"207\" srcset=\"https:\/\/havila.ee\/wp-content\/uploads\/2020\/04\/dim-2.png 1374w, https:\/\/havila.ee\/wp-content\/uploads\/2020\/04\/dim-2-300x207.png 300w, https:\/\/havila.ee\/wp-content\/uploads\/2020\/04\/dim-2-768x530.png 768w, https:\/\/havila.ee\/wp-content\/uploads\/2020\/04\/dim-2-1024x707.png 1024w\" sizes=\"(max-width: 300px) 100vw, 300px\" \/><\/span><\/p>\n[\/vc_column_text][vc_column_text][\/vc_column_text][\/vc_column][vc_column width=&#8221;1\/2&#8243;][vc_column_text]\n<h5 style=\"text-align: center;\"><span style=\"font-family: arial, helvetica, sans-serif; font-size: 12pt; color: #808080;\">T\u00f6\u00f6 geograafia<br \/>\n<\/span><\/h5>\n<p>&nbsp;<\/p>\n<p>&nbsp;<\/p>\n<p><img loading=\"lazy\" decoding=\"async\" class=\"aligncenter wp-image-2460\" src=\"https:\/\/havila.ee\/wp-content\/uploads\/2020\/04\/amcharts.pixelmap-1.png\" alt=\"\" width=\"687\" height=\"349\" srcset=\"https:\/\/havila.ee\/wp-content\/uploads\/2020\/04\/amcharts.pixelmap-1.png 1131w, https:\/\/havila.ee\/wp-content\/uploads\/2020\/04\/amcharts.pixelmap-1-300x153.png 300w, https:\/\/havila.ee\/wp-content\/uploads\/2020\/04\/amcharts.pixelmap-1-768x390.png 768w, https:\/\/havila.ee\/wp-content\/uploads\/2020\/04\/amcharts.pixelmap-1-1024x521.png 1024w\" sizes=\"(max-width: 687px) 100vw, 687px\" \/>[\/vc_column_text][vc_column_text][\/vc_column_text][vc_column_text]\n<p class=\"p1\"><span class=\"s1\">V\u00f5ttes arvesse asjaolu, et meil on oma paakkonteinerite park, samuti kontorite ja agentide v\u00f5rgustik, arvutatakse enamik saatmisi \u00fches suunas &#8211; see t\u00e4hendab, et transpordi hulka ei kuulu konteinerite t\u00fchi tagastamine &#8211; see v\u00f5imaldab meil pakkuda parimaid hindu.<\/span><\/p>\n[\/vc_column_text][\/vc_column][\/vc_row]\n<\/div>","protected":false},"excerpt":{"rendered":"<p>[vc_row][vc_column][vc_column_text] [\/vc_column_text][vc_column_text][\/vc_column_text][\/vc_column][\/vc_row][vc_row][vc_column width=&#8221;1\/2&#8243;][vc_column_text] Meie spetsialistidel on laialdased kogemused toodete transportimisel keemiat\u00f6\u00f6stuse erinevates valdkondades &#8211; n\u00e4iteks naftakeemia, koksikeemia, puidukeemia. Igal tootel, mis on lubatud transportimiseks, on ainulaadsed omadused, mida tuleb alati ohutu ja t\u00f5husa&#8230;<\/p>\n","protected":false},"author":1,"featured_media":0,"parent":3452,"menu_order":0,"comment_status":"closed","ping_status":"closed","template":"","meta":{"footnotes":""},"class_list":["post-3424","page","type-page","status-publish","hentry"],"_links":{"self":[{"href":"https:\/\/havila.ee\/et\/wp-json\/wp\/v2\/pages\/3424"}],"collection":[{"href":"https:\/\/havila.ee\/et\/wp-json\/wp\/v2\/pages"}],"about":[{"href":"https:\/\/havila.ee\/et\/wp-json\/wp\/v2\/types\/page"}],"author":[{"embeddable":true,"href":"https:\/\/havila.ee\/et\/wp-json\/wp\/v2\/users\/1"}],"replies":[{"embeddable":true,"href":"https:\/\/havila.ee\/et\/wp-json\/wp\/v2\/comments?post=3424"}],"version-history":[{"count":3,"href":"https:\/\/havila.ee\/et\/wp-json\/wp\/v2\/pages\/3424\/revisions"}],"predecessor-version":[{"id":3473,"href":"https:\/\/havila.ee\/et\/wp-json\/wp\/v2\/pages\/3424\/revisions\/3473"}],"up":[{"embeddable":true,"href":"https:\/\/havila.ee\/et\/wp-json\/wp\/v2\/pages\/3452"}],"wp:attachment":[{"href":"https:\/\/havila.ee\/et\/wp-json\/wp\/v2\/media?parent=3424"}],"curies":[{"name":"wp","href":"https:\/\/api.w.org\/{rel}","templated":true}]}}