{"id":3431,"date":"2020-04-22T13:45:37","date_gmt":"2020-04-22T13:45:37","guid":{"rendered":"https:\/\/havila.ee\/zhd-operirovanie\/"},"modified":"2020-09-02T19:03:13","modified_gmt":"2020-09-02T19:03:13","slug":"raudteeveod","status":"publish","type":"page","link":"https:\/\/havila.ee\/et\/teenused\/raudteeveod\/","title":{"rendered":"Raudteeveod"},"content":{"rendered":"<div class=\"wpb-content-wrapper\">[vc_row][vc_column][vc_column_text]<img decoding=\"async\" class=\"aligncenter wp-image-1719\" src=\"https:\/\/havila.ee\/wp-content\/uploads\/2020\/04\/01.png\" alt=\"\" width=\"90\" height=\"90\" srcset=\"https:\/\/havila.ee\/wp-content\/uploads\/2020\/04\/01.png 776w, https:\/\/havila.ee\/wp-content\/uploads\/2020\/04\/01-150x150.png 150w, https:\/\/havila.ee\/wp-content\/uploads\/2020\/04\/01-300x300.png 300w, https:\/\/havila.ee\/wp-content\/uploads\/2020\/04\/01-768x768.png 768w, https:\/\/havila.ee\/wp-content\/uploads\/2020\/04\/01-130x130.png 130w, https:\/\/havila.ee\/wp-content\/uploads\/2020\/04\/01-40x40.png 40w\" sizes=\"(max-width: 90px) 100vw, 90px\" \/><\/p>\n<p>&nbsp;<\/p>\n[\/vc_column_text][\/vc_column][\/vc_row][vc_row][vc_column width=&#8221;1\/2&#8243;][vc_column_text]\n<h5><strong>\u00dcle 300 paigaldatava platvormiga veeremeid<br \/>\n<\/strong><\/h5>\n<p>Parki esindavad Vene ja Baltimaade omanike platvormid, mis on ette n\u00e4htud kuni 36-tonnise lubatud brutomassiga konteinerite veoks, v\u00f5imalusega s\u00f5ita m\u00f6\u00f6da kogu 1520 raudteev\u00f5rku.[\/vc_column_text][\/vc_column][vc_column width=&#8221;1\/2&#8243;][vc_single_image image=&#8221;2561&#8243; alignment=&#8221;center&#8221;][\/vc_column][\/vc_row][vc_row][vc_column][vc_column_text]\n<p>&nbsp;<\/p>\n[\/vc_column_text][\/vc_column][\/vc_row][vc_row][vc_column width=&#8221;1\/2&#8243;][vc_single_image image=&#8221;2551&#8243; alignment=&#8221;center&#8221;][\/vc_column][vc_column width=&#8221;1\/2&#8243;][vc_column_text]\n<h5><strong>Moderniseeritud platvormid swap-body paakkonteinerite veoks <\/strong><\/h5>\n<p>2013. aastal viis Havila edukalt l\u00f5pule 60-jalg platvormite moderniseerimisprojekti.\u00a0Platvormid swap-body konteinerite veoks raudteev\u00f5rgus 1520. Praegu on swap-body konteinerite veoga seotud 17 moderniseeritud platvormi.<\/p>\n[\/vc_column_text][\/vc_column][\/vc_row][vc_row][vc_column][vc_column_text][\/vc_column_text][\/vc_column][\/vc_row][vc_row][vc_column width=&#8221;1\/2&#8243;][vc_column_text]\n<h5><strong>Kaubaveotasude maksmine 1520 r\u00f6\u00f6pmevahega raudteel<br \/>\n<\/strong><\/h5>\n<p>Havila grupil on otselepingud tariifide tasumiseks Venemaa, Soome, L\u00e4ti, Leedu, Ukraina raudteedega, mis v\u00f5imaldab t\u00f6\u00f6tada ilma vahendajateta ja pakkuda kliendile parimat tariifi.<\/p>\n[\/vc_column_text][\/vc_column][vc_column width=&#8221;1\/2&#8243;][vc_single_image image=&#8221;2241&#8243; alignment=&#8221;center&#8221;][\/vc_column][\/vc_row][vc_row][vc_column][vc_column_text][\/vc_column_text][\/vc_column][\/vc_row][vc_row][vc_column width=&#8221;1\/2&#8243;][vc_single_image image=&#8221;2237&#8243; alignment=&#8221;center&#8221;][\/vc_column][vc_column width=&#8221;1\/2&#8243;][vc_column_text]\n<h5><strong>Juurdep\u00e4\u00e4suteede korraldamine suure mahutavusega konteinerite k\u00e4itlemiseks<\/strong><\/h5>\n<p>Rikkalik kogemus ettev\u00f5tete juurdep\u00e4\u00e4suteede avamisel suure mahutavusega konteineritega t\u00f6\u00f6tamiseks, pideva j\u00e4lgimisega nullist kuni laadimishetkeni.\u00a0Praegu on Venemaal avatud 5 tehase juurdep\u00e4\u00e4suteed, mida on juba mitu aastat edukalt kasutatud konteineritega t\u00f6\u00f6tamiseks.<\/p>\n[\/vc_column_text][\/vc_column][\/vc_row][vc_row][vc_column][vc_column_text][\/vc_column_text][\/vc_column][\/vc_row][vc_row][vc_column width=&#8221;1\/2&#8243;][vc_column_text]\n<h5><strong>Agentuuri teenuste osutamine raudteeveeremi remondiks<br \/>\n<\/strong><\/h5>\n<p>Tsentraliseeritud lepingute olemasolu vaguniremondiettev\u00f5tetega kogu Venemaal v\u00f5imaldab meil kiiresti ja t\u00f5husalt korraldada igat t\u00fc\u00fcpi remonti, sealhulgas ostmist kolmandatelt organisatsioonidelt ning detailide tarnimist depoole.[\/vc_column_text][\/vc_column][vc_column width=&#8221;1\/2&#8243;][vc_single_image image=&#8221;2245&#8243; alignment=&#8221;center&#8221;][\/vc_column][\/vc_row]\n<\/div>","protected":false},"excerpt":{"rendered":"<p>[vc_row][vc_column][vc_column_text] &nbsp; [\/vc_column_text][\/vc_column][\/vc_row][vc_row][vc_column width=&#8221;1\/2&#8243;][vc_column_text] \u00dcle 300 paigaldatava platvormiga veeremeid Parki esindavad Vene ja Baltimaade omanike platvormid, mis on ette n\u00e4htud kuni 36-tonnise lubatud brutomassiga konteinerite veoks, v\u00f5imalusega s\u00f5ita m\u00f6\u00f6da kogu 1520 raudteev\u00f5rku.[\/vc_column_text][\/vc_column][vc_column width=&#8221;1\/2&#8243;][vc_single_image&#8230;<\/p>\n","protected":false},"author":1,"featured_media":0,"parent":3452,"menu_order":0,"comment_status":"closed","ping_status":"closed","template":"","meta":{"footnotes":""},"class_list":["post-3431","page","type-page","status-publish","hentry"],"_links":{"self":[{"href":"https:\/\/havila.ee\/et\/wp-json\/wp\/v2\/pages\/3431"}],"collection":[{"href":"https:\/\/havila.ee\/et\/wp-json\/wp\/v2\/pages"}],"about":[{"href":"https:\/\/havila.ee\/et\/wp-json\/wp\/v2\/types\/page"}],"author":[{"embeddable":true,"href":"https:\/\/havila.ee\/et\/wp-json\/wp\/v2\/users\/1"}],"replies":[{"embeddable":true,"href":"https:\/\/havila.ee\/et\/wp-json\/wp\/v2\/comments?post=3431"}],"version-history":[{"count":2,"href":"https:\/\/havila.ee\/et\/wp-json\/wp\/v2\/pages\/3431\/revisions"}],"predecessor-version":[{"id":3433,"href":"https:\/\/havila.ee\/et\/wp-json\/wp\/v2\/pages\/3431\/revisions\/3433"}],"up":[{"embeddable":true,"href":"https:\/\/havila.ee\/et\/wp-json\/wp\/v2\/pages\/3452"}],"wp:attachment":[{"href":"https:\/\/havila.ee\/et\/wp-json\/wp\/v2\/media?parent=3431"}],"curies":[{"name":"wp","href":"https:\/\/api.w.org\/{rel}","templated":true}]}}