{"id":3355,"date":"2019-10-31T13:52:30","date_gmt":"2019-10-31T13:52:30","guid":{"rendered":"https:\/\/havila.ee\/vakansii\/"},"modified":"2020-09-02T17:05:53","modified_gmt":"2020-09-02T17:05:53","slug":"praca","status":"publish","type":"page","link":"https:\/\/havila.ee\/pl\/praca\/","title":{"rendered":"Praca"},"content":{"rendered":"<div class=\"wpb-content-wrapper\">[vc_row][vc_column][vc_column_text]\n<div id=\"c252\" class=\" \">\n<header><\/header>\n<div class=\"ce-textpic ce-right ce-intext\">\n<div class=\"ce-bodytext\">\n<p class=\"p1\"><span class=\"s1\">Grupa Havila nie prowadzi obecnie rekrutacji!<\/span><\/p>\n<p class=\"p1\"><span class=\"s1\">W przypadku wszystkich pyta\u0144 zwi\u0105zanych z zatrudnieniem mo\u017cna uzyska\u0107 informacje pisz\u0105c na adres <a href=\"mailto:info@havila.ee\"><span class=\"s2\">info@havila.ee<\/span><\/a><\/span><\/p>\n<\/div>\n<\/div>\n<\/div>\n[\/vc_column_text][\/vc_column][\/vc_row]\n<\/div>","protected":false},"excerpt":{"rendered":"<p>[vc_row][vc_column][vc_column_text] Grupa Havila nie prowadzi obecnie rekrutacji! W przypadku wszystkich pyta\u0144 zwi\u0105zanych z zatrudnieniem mo\u017cna uzyska\u0107 informacje pisz\u0105c na adres info@havila.ee [\/vc_column_text][\/vc_column][\/vc_row]<\/p>\n","protected":false},"author":1,"featured_media":0,"parent":0,"menu_order":0,"comment_status":"closed","ping_status":"closed","template":"","meta":{"footnotes":""},"class_list":["post-3355","page","type-page","status-publish","hentry"],"_links":{"self":[{"href":"https:\/\/havila.ee\/pl\/wp-json\/wp\/v2\/pages\/3355"}],"collection":[{"href":"https:\/\/havila.ee\/pl\/wp-json\/wp\/v2\/pages"}],"about":[{"href":"https:\/\/havila.ee\/pl\/wp-json\/wp\/v2\/types\/page"}],"author":[{"embeddable":true,"href":"https:\/\/havila.ee\/pl\/wp-json\/wp\/v2\/users\/1"}],"replies":[{"embeddable":true,"href":"https:\/\/havila.ee\/pl\/wp-json\/wp\/v2\/comments?post=3355"}],"version-history":[{"count":1,"href":"https:\/\/havila.ee\/pl\/wp-json\/wp\/v2\/pages\/3355\/revisions"}],"predecessor-version":[{"id":3356,"href":"https:\/\/havila.ee\/pl\/wp-json\/wp\/v2\/pages\/3355\/revisions\/3356"}],"wp:attachment":[{"href":"https:\/\/havila.ee\/pl\/wp-json\/wp\/v2\/media?parent=3355"}],"curies":[{"name":"wp","href":"https:\/\/api.w.org\/{rel}","templated":true}]}}