{"id":3357,"date":"2020-04-22T13:41:58","date_gmt":"2020-04-22T13:41:58","guid":{"rendered":"https:\/\/havila.ee\/perevozka-himicheskih-produktov-2\/"},"modified":"2020-09-02T17:09:21","modified_gmt":"2020-09-02T17:09:21","slug":"transport-towarow-chemicznych","status":"publish","type":"page","link":"https:\/\/havila.ee\/pl\/uslugi\/transport-towarow-chemicznych\/","title":{"rendered":"Transport towar\u00f3w chemicznych"},"content":{"rendered":"<div class=\"wpb-content-wrapper\">[vc_row][vc_column][vc_column_text]<img decoding=\"async\" class=\"aligncenter wp-image-1727\" src=\"https:\/\/havila.ee\/wp-content\/uploads\/2020\/04\/03.png\" alt=\"\" width=\"90\" height=\"90\" srcset=\"https:\/\/havila.ee\/wp-content\/uploads\/2020\/04\/03.png 789w, https:\/\/havila.ee\/wp-content\/uploads\/2020\/04\/03-150x150.png 150w, https:\/\/havila.ee\/wp-content\/uploads\/2020\/04\/03-300x300.png 300w, https:\/\/havila.ee\/wp-content\/uploads\/2020\/04\/03-768x768.png 768w, https:\/\/havila.ee\/wp-content\/uploads\/2020\/04\/03-130x130.png 130w, https:\/\/havila.ee\/wp-content\/uploads\/2020\/04\/03-40x40.png 40w\" sizes=\"(max-width: 90px) 100vw, 90px\" \/><br \/>\n[\/vc_column_text][vc_column_text][\/vc_column_text][\/vc_column][\/vc_row][vc_row][vc_column width=&#8221;1\/2&#8243;][vc_column_text]\n<p class=\"p1\"><span class=\"s1\" style=\"font-family: arial, helvetica, sans-serif;\">Nasi specjali\u015bci posiadaj\u0105 bogate do\u015bwiadczenie w transporcie produkt\u00f3w z r\u00f3\u017cnych dziedzin przemys\u0142u chemicznego &#8211; m.in. petrochemii, koksochemii, chemii u\u017cywanej w przemy\u015ble przerobu drewna.<\/span><\/p>\n<p style=\"text-align: justify; line-height: 15.5pt; background: white; margin: 0cm 0cm 19.5pt 0cm;\"><span lang=\"RU\" style=\"font-size: 12pt; font-family: arial, helvetica, sans-serif; color: #808080;\"><img decoding=\"async\" class=\"size-medium wp-image-2688 aligncenter\" src=\"https:\/\/havila.ee\/wp-content\/uploads\/2020\/04\/44-methylene_diphenyl_diisocyanate.svg-1.png\" alt=\"\" width=\"300\" height=\"71\" srcset=\"https:\/\/havila.ee\/wp-content\/uploads\/2020\/04\/44-methylene_diphenyl_diisocyanate.svg-1.png 1920w, https:\/\/havila.ee\/wp-content\/uploads\/2020\/04\/44-methylene_diphenyl_diisocyanate.svg-1-300x71.png 300w, https:\/\/havila.ee\/wp-content\/uploads\/2020\/04\/44-methylene_diphenyl_diisocyanate.svg-1-768x181.png 768w, https:\/\/havila.ee\/wp-content\/uploads\/2020\/04\/44-methylene_diphenyl_diisocyanate.svg-1-1024x241.png 1024w\" sizes=\"(max-width: 300px) 100vw, 300px\" \/><\/span><\/p>\n<p class=\"p1\"><span class=\"s1\" style=\"font-family: arial, helvetica, sans-serif;\">Ka\u017cdy produkt przyj\u0119ty do transportu ma unikalne w\u0142a\u015bciwo\u015bci, kt\u00f3re zawsze nale\u017cy wzi\u0105\u0107 pod uwag\u0119, aby zapewni\u0107 bezpieczny i wydajny \u0142a\u0144cuch dostaw. W tym zakresie w naszej flocie tank kontener\u00f3w znajduj\u0105 si\u0119 zar\u00f3wno konwencjonalne, jak i wysoko wyspecjalizowane kontenery do przewozu specjalnych towar\u00f3w chemicznych.<\/span><\/p>\n<p style=\"text-align: justify; line-height: 15.5pt; background: white; margin: 0cm 0cm 19.5pt 0cm;\"><span lang=\"RU\" style=\"font-size: 12pt; font-family: arial, helvetica, sans-serif; color: #808080;\"><img decoding=\"async\" class=\"wp-image-2692 aligncenter\" src=\"https:\/\/havila.ee\/wp-content\/uploads\/2020\/04\/benzol.svg.png\" alt=\"\" width=\"71\" height=\"71\" srcset=\"https:\/\/havila.ee\/wp-content\/uploads\/2020\/04\/benzol.svg.png 800w, https:\/\/havila.ee\/wp-content\/uploads\/2020\/04\/benzol.svg-150x150.png 150w, https:\/\/havila.ee\/wp-content\/uploads\/2020\/04\/benzol.svg-300x300.png 300w, https:\/\/havila.ee\/wp-content\/uploads\/2020\/04\/benzol.svg-768x768.png 768w, https:\/\/havila.ee\/wp-content\/uploads\/2020\/04\/benzol.svg-130x130.png 130w, https:\/\/havila.ee\/wp-content\/uploads\/2020\/04\/benzol.svg-40x40.png 40w\" sizes=\"(max-width: 71px) 100vw, 71px\" \/><\/span><\/p>\n<p class=\"p1\"><span class=\"s1\" style=\"font-family: arial, helvetica, sans-serif;\">\u0141\u0105cz\u0105c zalety tank kontener\u00f3w w postaci intermodalno\u015bci, mo\u017cliwo\u015bci ogrzewania produkt\u00f3w oraz ich czasowego magazynowania, proponujemy naszym klientom kreatywne podej\u015bcie do organizacji transportu.<\/span><\/p>\n<p style=\"text-align: justify; line-height: 15.5pt; background: white; margin: 0cm 0cm 19.5pt 0cm;\"><span lang=\"RU\" style=\"font-size: 12pt; font-family: arial, helvetica, sans-serif; color: #808080;\"><img loading=\"lazy\" decoding=\"async\" class=\"size-medium wp-image-2724 aligncenter\" src=\"https:\/\/havila.ee\/wp-content\/uploads\/2020\/04\/dim-2.png\" alt=\"\" width=\"300\" height=\"207\" srcset=\"https:\/\/havila.ee\/wp-content\/uploads\/2020\/04\/dim-2.png 1374w, https:\/\/havila.ee\/wp-content\/uploads\/2020\/04\/dim-2-300x207.png 300w, https:\/\/havila.ee\/wp-content\/uploads\/2020\/04\/dim-2-768x530.png 768w, https:\/\/havila.ee\/wp-content\/uploads\/2020\/04\/dim-2-1024x707.png 1024w\" sizes=\"(max-width: 300px) 100vw, 300px\" \/><\/span><\/p>\n[\/vc_column_text][vc_column_text][\/vc_column_text][\/vc_column][vc_column width=&#8221;1\/2&#8243;][vc_column_text]\n<h5 style=\"text-align: center;\"><span style=\"font-family: arial, helvetica, sans-serif; font-size: 12pt; color: #808080;\"> Obszar pracy <\/span><\/h5>\n<p>&nbsp;<\/p>\n<p>&nbsp;<\/p>\n<p><img loading=\"lazy\" decoding=\"async\" class=\"aligncenter wp-image-2460\" src=\"https:\/\/havila.ee\/wp-content\/uploads\/2020\/04\/amcharts.pixelmap-1.png\" alt=\"\" width=\"687\" height=\"349\" srcset=\"https:\/\/havila.ee\/wp-content\/uploads\/2020\/04\/amcharts.pixelmap-1.png 1131w, https:\/\/havila.ee\/wp-content\/uploads\/2020\/04\/amcharts.pixelmap-1-300x153.png 300w, https:\/\/havila.ee\/wp-content\/uploads\/2020\/04\/amcharts.pixelmap-1-768x390.png 768w, https:\/\/havila.ee\/wp-content\/uploads\/2020\/04\/amcharts.pixelmap-1-1024x521.png 1024w\" sizes=\"(max-width: 687px) 100vw, 687px\" \/>[\/vc_column_text][vc_column_text][\/vc_column_text][vc_column_text]\n<p class=\"p1\"><span class=\"s1\">Dzi\u0119ki temu, \u017ce posiadamy w\u0142asn\u0105 flot\u0119 tank kontener\u00f3w, a tak\u017ce sie\u0107 biur i agent\u00f3w, wi\u0119kszo\u015b\u0107 wysy\u0142ek kalkulowana jest w jednym kierunku &#8211; czyli zwrot pr\u00f3\u017cnych kontener\u00f3w nie jest wliczony w transport &#8211; co sprawia, \u017ce \u200b\u200bnasze stawki s\u0105 konkurencyjne i efektywne.<\/span><\/p>\n[\/vc_column_text][\/vc_column][\/vc_row]\n<\/div>","protected":false},"excerpt":{"rendered":"<p>[vc_row][vc_column][vc_column_text] [\/vc_column_text][vc_column_text][\/vc_column_text][\/vc_column][\/vc_row][vc_row][vc_column width=&#8221;1\/2&#8243;][vc_column_text] Nasi specjali\u015bci posiadaj\u0105 bogate do\u015bwiadczenie w transporcie produkt\u00f3w z r\u00f3\u017cnych dziedzin przemys\u0142u chemicznego &#8211; m.in. petrochemii, koksochemii, chemii u\u017cywanej w przemy\u015ble przerobu drewna. Ka\u017cdy produkt przyj\u0119ty do transportu ma unikalne&#8230;<\/p>\n","protected":false},"author":1,"featured_media":0,"parent":3369,"menu_order":0,"comment_status":"closed","ping_status":"closed","template":"","meta":{"footnotes":""},"class_list":["post-3357","page","type-page","status-publish","hentry"],"_links":{"self":[{"href":"https:\/\/havila.ee\/pl\/wp-json\/wp\/v2\/pages\/3357"}],"collection":[{"href":"https:\/\/havila.ee\/pl\/wp-json\/wp\/v2\/pages"}],"about":[{"href":"https:\/\/havila.ee\/pl\/wp-json\/wp\/v2\/types\/page"}],"author":[{"embeddable":true,"href":"https:\/\/havila.ee\/pl\/wp-json\/wp\/v2\/users\/1"}],"replies":[{"embeddable":true,"href":"https:\/\/havila.ee\/pl\/wp-json\/wp\/v2\/comments?post=3357"}],"version-history":[{"count":2,"href":"https:\/\/havila.ee\/pl\/wp-json\/wp\/v2\/pages\/3357\/revisions"}],"predecessor-version":[{"id":3359,"href":"https:\/\/havila.ee\/pl\/wp-json\/wp\/v2\/pages\/3357\/revisions\/3359"}],"up":[{"embeddable":true,"href":"https:\/\/havila.ee\/pl\/wp-json\/wp\/v2\/pages\/3369"}],"wp:attachment":[{"href":"https:\/\/havila.ee\/pl\/wp-json\/wp\/v2\/media?parent=3357"}],"curies":[{"name":"wp","href":"https:\/\/api.w.org\/{rel}","templated":true}]}}