{"id":3360,"date":"2020-04-22T13:40:57","date_gmt":"2020-04-22T13:40:57","guid":{"rendered":"https:\/\/havila.ee\/perevozka-pishhevyh-produktov-2\/"},"modified":"2020-09-02T17:14:39","modified_gmt":"2020-09-02T17:14:39","slug":"transport-towarow-spozywczych","status":"publish","type":"page","link":"https:\/\/havila.ee\/pl\/uslugi\/transport-towarow-spozywczych\/","title":{"rendered":"Transport towar\u00f3w spo\u017cywczych"},"content":{"rendered":"<div class=\"wpb-content-wrapper\">[vc_row][vc_column][vc_column_text]<img decoding=\"async\" class=\"aligncenter wp-image-1723\" src=\"https:\/\/havila.ee\/wp-content\/uploads\/2020\/04\/02.png\" alt=\"\" width=\"90\" height=\"90\" srcset=\"https:\/\/havila.ee\/wp-content\/uploads\/2020\/04\/02.png 789w, https:\/\/havila.ee\/wp-content\/uploads\/2020\/04\/02-150x150.png 150w, https:\/\/havila.ee\/wp-content\/uploads\/2020\/04\/02-300x300.png 300w, https:\/\/havila.ee\/wp-content\/uploads\/2020\/04\/02-768x768.png 768w, https:\/\/havila.ee\/wp-content\/uploads\/2020\/04\/02-130x130.png 130w, https:\/\/havila.ee\/wp-content\/uploads\/2020\/04\/02-40x40.png 40w\" sizes=\"(max-width: 90px) 100vw, 90px\" \/><\/p>\n[\/vc_column_text][\/vc_column][\/vc_row][vc_row][vc_column][vc_column_text]\n<h4 style=\"text-align: center;\">Nasza grupa realizuje transport towar\u00f3w spo\u017cywczych w tank kontenerach<\/h4>\n[\/vc_column_text][vc_column_text]\n[\/vc_column_text][\/vc_column][\/vc_row][vc_row][vc_column width=&#8221;1\/4&#8243;][vc_column_text]\n<p style=\"text-align: center;\"><strong><img decoding=\"async\" class=\"wp-image-2972 aligncenter\" src=\"https:\/\/havila.ee\/wp-content\/uploads\/2020\/06\/background-check.png\" alt=\"\" width=\"50\" height=\"50\" srcset=\"https:\/\/havila.ee\/wp-content\/uploads\/2020\/06\/background-check.png 512w, https:\/\/havila.ee\/wp-content\/uploads\/2020\/06\/background-check-300x300.png 300w, https:\/\/havila.ee\/wp-content\/uploads\/2020\/06\/background-check-150x150.png 150w, https:\/\/havila.ee\/wp-content\/uploads\/2020\/06\/background-check-130x130.png 130w, https:\/\/havila.ee\/wp-content\/uploads\/2020\/06\/background-check-40x40.png 40w\" sizes=\"(max-width: 50px) 100vw, 50px\" \/><\/strong><\/p>\n<p style=\"text-align: center;\"><strong>Indywidualne podej\u015bcie<\/strong> do ka\u017cdego klienta, szczeg\u00f3\u0142owa analiza wszystkich aspekt\u00f3w transportu i poszukiwanie optymalnego rozwi\u0105zania.<\/p>\n<p>\u00a0[\/vc_column_text][\/vc_column][vc_column width=&#8221;1\/4&#8243;][vc_column_text]<img decoding=\"async\" class=\"wp-image-2976 aligncenter\" src=\"https:\/\/havila.ee\/wp-content\/uploads\/2020\/06\/vegetable.png\" alt=\"\" width=\"50\" height=\"50\" srcset=\"https:\/\/havila.ee\/wp-content\/uploads\/2020\/06\/vegetable.png 512w, https:\/\/havila.ee\/wp-content\/uploads\/2020\/06\/vegetable-300x300.png 300w, https:\/\/havila.ee\/wp-content\/uploads\/2020\/06\/vegetable-150x150.png 150w, https:\/\/havila.ee\/wp-content\/uploads\/2020\/06\/vegetable-130x130.png 130w, https:\/\/havila.ee\/wp-content\/uploads\/2020\/06\/vegetable-40x40.png 40w\" sizes=\"(max-width: 50px) 100vw, 50px\" \/><\/p>\n<p style=\"text-align: center;\"><strong>Flota w\u0142asnych i dzier\u017cawionych tank kontener\u00f3w<\/strong>, u\u017cywanych wy\u0142\u0105cznie do cel\u00f3w spo\u017cywczych<\/p>\n[\/vc_column_text][\/vc_column][vc_column width=&#8221;1\/4&#8243;][vc_column_text]\n<p style=\"text-align: center;\"><strong><img loading=\"lazy\" decoding=\"async\" class=\"wp-image-2980 aligncenter\" src=\"https:\/\/havila.ee\/wp-content\/uploads\/2020\/06\/agriculture.png\" alt=\"\" width=\"50\" height=\"50\" srcset=\"https:\/\/havila.ee\/wp-content\/uploads\/2020\/06\/agriculture.png 512w, https:\/\/havila.ee\/wp-content\/uploads\/2020\/06\/agriculture-300x300.png 300w, https:\/\/havila.ee\/wp-content\/uploads\/2020\/06\/agriculture-150x150.png 150w, https:\/\/havila.ee\/wp-content\/uploads\/2020\/06\/agriculture-130x130.png 130w, https:\/\/havila.ee\/wp-content\/uploads\/2020\/06\/agriculture-40x40.png 40w\" sizes=\"(max-width: 50px) 100vw, 50px\" \/><\/strong><\/p>\n<p style=\"text-align: center;\"><strong>Rozleg\u0142a znajomo\u015b\u0107<\/strong> rosyjskiego rynku rolno-spo\u017cywczego oraz transportowanych towar<\/p>\n<p>\u00a0[\/vc_column_text][\/vc_column][vc_column width=&#8221;1\/4&#8243;][vc_column_text]\n<p style=\"text-align: center;\"><img loading=\"lazy\" decoding=\"async\" class=\"wp-image-2984 aligncenter\" src=\"https:\/\/havila.ee\/wp-content\/uploads\/2020\/06\/export-1.png\" alt=\"\" width=\"50\" height=\"50\" srcset=\"https:\/\/havila.ee\/wp-content\/uploads\/2020\/06\/export-1.png 512w, https:\/\/havila.ee\/wp-content\/uploads\/2020\/06\/export-1-300x300.png 300w, https:\/\/havila.ee\/wp-content\/uploads\/2020\/06\/export-1-150x150.png 150w, https:\/\/havila.ee\/wp-content\/uploads\/2020\/06\/export-1-130x130.png 130w, https:\/\/havila.ee\/wp-content\/uploads\/2020\/06\/export-1-40x40.png 40w\" sizes=\"(max-width: 50px) 100vw, 50px\" \/><\/p>\n<p style=\"text-align: center;\">Oferujemy <strong>transport intermodalny:<\/strong> eksport, import oraz transport krajowy z wykorzystaniem wszystkich \u015brodk\u00f3w taransportu.<\/p>\n[\/vc_column_text][\/vc_column][\/vc_row][vc_row][vc_column][vc_column_text]\n[\/vc_column_text][vc_column_text]\n<h4 style=\"text-align: center;\">Z naszych us\u0142ug korzystaj\u0105 mi\u0119dzynarodowe korporacje i najwi\u0119ksi rosyjsci producenci.<\/h4>\n[\/vc_column_text][vc_column_text]\u00a0[\/vc_column_text][\/vc_column][\/vc_row]\n<\/div>","protected":false},"excerpt":{"rendered":"<p>[vc_row][vc_column][vc_column_text] [\/vc_column_text][\/vc_column][\/vc_row][vc_row][vc_column][vc_column_text] Nasza grupa realizuje transport towar\u00f3w spo\u017cywczych w tank kontenerach [\/vc_column_text][vc_column_text] [\/vc_column_text][\/vc_column][\/vc_row][vc_row][vc_column width=&#8221;1\/4&#8243;][vc_column_text] Indywidualne podej\u015bcie do ka\u017cdego klienta, szczeg\u00f3\u0142owa analiza wszystkich aspekt\u00f3w transportu i poszukiwanie optymalnego rozwi\u0105zania. \u00a0[\/vc_column_text][\/vc_column][vc_column width=&#8221;1\/4&#8243;][vc_column_text] Flota w\u0142asnych i&#8230;<\/p>\n","protected":false},"author":1,"featured_media":0,"parent":3369,"menu_order":0,"comment_status":"closed","ping_status":"closed","template":"","meta":{"footnotes":""},"class_list":["post-3360","page","type-page","status-publish","hentry"],"_links":{"self":[{"href":"https:\/\/havila.ee\/pl\/wp-json\/wp\/v2\/pages\/3360"}],"collection":[{"href":"https:\/\/havila.ee\/pl\/wp-json\/wp\/v2\/pages"}],"about":[{"href":"https:\/\/havila.ee\/pl\/wp-json\/wp\/v2\/types\/page"}],"author":[{"embeddable":true,"href":"https:\/\/havila.ee\/pl\/wp-json\/wp\/v2\/users\/1"}],"replies":[{"embeddable":true,"href":"https:\/\/havila.ee\/pl\/wp-json\/wp\/v2\/comments?post=3360"}],"version-history":[{"count":2,"href":"https:\/\/havila.ee\/pl\/wp-json\/wp\/v2\/pages\/3360\/revisions"}],"predecessor-version":[{"id":3362,"href":"https:\/\/havila.ee\/pl\/wp-json\/wp\/v2\/pages\/3360\/revisions\/3362"}],"up":[{"embeddable":true,"href":"https:\/\/havila.ee\/pl\/wp-json\/wp\/v2\/pages\/3369"}],"wp:attachment":[{"href":"https:\/\/havila.ee\/pl\/wp-json\/wp\/v2\/media?parent=3360"}],"curies":[{"name":"wp","href":"https:\/\/api.w.org\/{rel}","templated":true}]}}