{"id":3363,"date":"2020-04-22T13:45:37","date_gmt":"2020-04-22T13:45:37","guid":{"rendered":"https:\/\/havila.ee\/zhd-operirovanie\/"},"modified":"2020-09-02T17:19:28","modified_gmt":"2020-09-02T17:19:28","slug":"uslugi-kolejowe","status":"publish","type":"page","link":"https:\/\/havila.ee\/pl\/uslugi\/uslugi-kolejowe\/","title":{"rendered":"Us\u0142ugi kolejowe"},"content":{"rendered":"<div class=\"wpb-content-wrapper\">[vc_row][vc_column][vc_column_text]<img decoding=\"async\" class=\"aligncenter wp-image-1719\" src=\"https:\/\/havila.ee\/wp-content\/uploads\/2020\/04\/01.png\" alt=\"\" width=\"90\" height=\"90\" srcset=\"https:\/\/havila.ee\/wp-content\/uploads\/2020\/04\/01.png 776w, https:\/\/havila.ee\/wp-content\/uploads\/2020\/04\/01-150x150.png 150w, https:\/\/havila.ee\/wp-content\/uploads\/2020\/04\/01-300x300.png 300w, https:\/\/havila.ee\/wp-content\/uploads\/2020\/04\/01-768x768.png 768w, https:\/\/havila.ee\/wp-content\/uploads\/2020\/04\/01-130x130.png 130w, https:\/\/havila.ee\/wp-content\/uploads\/2020\/04\/01-40x40.png 40w\" sizes=\"(max-width: 90px) 100vw, 90px\" \/><\/p>\n<p>&nbsp;<\/p>\n[\/vc_column_text][\/vc_column][\/vc_row][vc_row][vc_column width=&#8221;1\/2&#8243;][vc_column_text]\n<h5><strong>Flota ponad 300 platform fittingowych<\/strong><\/h5>\n<p>Na nasz\u0105 flot\u0119 sk\u0142adaj\u0105 si\u0119 platformy szerokotorowe pochodz\u0105ce z Rosji oraz kraj\u00f3w ba\u0142tyckich, przeznaczone do przewozu kontener\u00f3w o dopuszczalnej masie brutto do 36 ton (w tym jeden za\u0142adowany 20-stopowy kontener na \u015brodku platformy), mog\u0105ce by\u0107 wykorzystywane na ca\u0142ej sieci kolejowej 1520.<\/p>\n[\/vc_column_text][\/vc_column][vc_column width=&#8221;1\/2&#8243;][vc_single_image image=&#8221;2561&#8243; alignment=&#8221;center&#8221;][\/vc_column][\/vc_row][vc_row][vc_column][vc_column_text]\n<p>&nbsp;<\/p>\n[\/vc_column_text][\/vc_column][\/vc_row][vc_row][vc_column width=&#8221;1\/2&#8243;][vc_single_image image=&#8221;2551&#8243; alignment=&#8221;center&#8221;][\/vc_column][vc_column width=&#8221;1\/2&#8243;][vc_column_text]\n<h5><strong>Modernizowane platformy kolejowe do przewozu tank kontener\u00f3w typu swap-body<\/strong><\/h5>\n<p>W 2013 r. Havila pomy\u015blnie zako\u0144czy\u0142a projekt modernizacji 60-stopwej platformy kolejowej do przewozu kontener\u00f3w typu swap-body na sieci kolejowej 1520. Obecnie do przewozu kontener\u00f3w typu swap-body zaanga\u017cowanych jest 17 zmodernizowanych platform.<\/p>\n[\/vc_column_text][\/vc_column][\/vc_row][vc_row][vc_column][vc_column_text][\/vc_column_text][\/vc_column][\/vc_row][vc_row][vc_column width=&#8221;1\/2&#8243;][vc_column_text]\n<h5><strong>Op\u0142ata frachtu kolei szerokotorowych.<\/strong><\/h5>\n<p>Sp\u00f3\u0142ki Grupy Havila zawar\u0142y bezpo\u015brednie umowy z pa\u0144stwowymi kolejami Rosji, Finlandii, \u0141otwy, Litwy i Ukrainy dotycz\u0105ce op\u0142at fracht\u00f3w kolejowych, kt\u00f3re pozwalaj\u0105 na wyeliminowanie po\u015brednik\u00f3w i przedstawienie klientowi najlepszej oferty.<\/p>\n[\/vc_column_text][\/vc_column][vc_column width=&#8221;1\/2&#8243;][vc_single_image image=&#8221;2241&#8243; alignment=&#8221;center&#8221;][\/vc_column][\/vc_row][vc_row][vc_column][vc_column_text][\/vc_column_text][\/vc_column][\/vc_row][vc_row][vc_column width=&#8221;1\/2&#8243;][vc_single_image image=&#8221;2237&#8243; alignment=&#8221;center&#8221;][\/vc_column][vc_column width=&#8221;1\/2&#8243;][vc_column_text]\n<h5><strong>Otwieranie dr\u00f3g dojazdowych umo\u017cliwiaj\u0105cych prac\u0119 z kontenerami wielkotonowymi<\/strong><\/h5>\n<p>Bogate do\u015bwiadczenie w otwieraniu dr\u00f3g dojazdowych do przedsi\u0119biorstw wed\u0142ug przepis\u00f3w reguluj\u0105cych prac\u0119 z kontenerami wielkotonowymi ze sta\u0142ym monitoringiem od etapu zero do momentu za\u0142adunku. Obecnie otwarto drogi dojazdowe do 5 fabryk w Rosji. Od kilku lat s\u0105 one z powodzeniem wykorzystywane do pracy z kontenerami.<\/p>\n[\/vc_column_text][\/vc_column][\/vc_row][vc_row][vc_column][vc_column_text][\/vc_column_text][\/vc_column][\/vc_row][vc_row][vc_column width=&#8221;1\/2&#8243;][vc_column_text]\n<h5><strong>\u015awiadczenie us\u0142ug agencyjnych w zakresie napraw taboru kolejowego<\/strong><\/h5>\n<p>Zawarcie scentralizowanych um\u00f3w z przedsi\u0119biorstwami zajmuj\u0105cymi si\u0119 naprawami taboru kolejowego w ca\u0142ej Rosji pozwala szybko i skutecznie organizowa\u0107 wszelkiego rodzaju naprawy wagon\u00f3w, w tym zakup od organizacji zewn\u0119trznych i dostaw\u0119 drogich jednostek i cz\u0119\u015bci do magazynu.<\/p>\n[\/vc_column_text][\/vc_column][vc_column width=&#8221;1\/2&#8243;][vc_single_image image=&#8221;2245&#8243; alignment=&#8221;center&#8221;][\/vc_column][\/vc_row]\n<\/div>","protected":false},"excerpt":{"rendered":"<p>[vc_row][vc_column][vc_column_text] &nbsp; [\/vc_column_text][\/vc_column][\/vc_row][vc_row][vc_column width=&#8221;1\/2&#8243;][vc_column_text] Flota ponad 300 platform fittingowych Na nasz\u0105 flot\u0119 sk\u0142adaj\u0105 si\u0119 platformy szerokotorowe pochodz\u0105ce z Rosji oraz kraj\u00f3w ba\u0142tyckich, przeznaczone do przewozu kontener\u00f3w o dopuszczalnej masie brutto do 36 ton&#8230;<\/p>\n","protected":false},"author":1,"featured_media":0,"parent":3369,"menu_order":0,"comment_status":"closed","ping_status":"closed","template":"","meta":{"footnotes":""},"class_list":["post-3363","page","type-page","status-publish","hentry"],"_links":{"self":[{"href":"https:\/\/havila.ee\/pl\/wp-json\/wp\/v2\/pages\/3363"}],"collection":[{"href":"https:\/\/havila.ee\/pl\/wp-json\/wp\/v2\/pages"}],"about":[{"href":"https:\/\/havila.ee\/pl\/wp-json\/wp\/v2\/types\/page"}],"author":[{"embeddable":true,"href":"https:\/\/havila.ee\/pl\/wp-json\/wp\/v2\/users\/1"}],"replies":[{"embeddable":true,"href":"https:\/\/havila.ee\/pl\/wp-json\/wp\/v2\/comments?post=3363"}],"version-history":[{"count":2,"href":"https:\/\/havila.ee\/pl\/wp-json\/wp\/v2\/pages\/3363\/revisions"}],"predecessor-version":[{"id":3365,"href":"https:\/\/havila.ee\/pl\/wp-json\/wp\/v2\/pages\/3363\/revisions\/3365"}],"up":[{"embeddable":true,"href":"https:\/\/havila.ee\/pl\/wp-json\/wp\/v2\/pages\/3369"}],"wp:attachment":[{"href":"https:\/\/havila.ee\/pl\/wp-json\/wp\/v2\/media?parent=3363"}],"curies":[{"name":"wp","href":"https:\/\/api.w.org\/{rel}","templated":true}]}}