{"id":3366,"date":"2020-04-22T13:47:35","date_gmt":"2020-04-22T13:47:35","guid":{"rendered":"https:\/\/havila.ee\/depo-remont-i-obsluzhivanie\/"},"modified":"2022-01-11T07:38:49","modified_gmt":"2022-01-11T07:38:49","slug":"depo-terminale","status":"publish","type":"page","link":"https:\/\/havila.ee\/pl\/uslugi\/depo-terminale\/","title":{"rendered":"Depo\/terminale"},"content":{"rendered":"<div class=\"wpb-content-wrapper\">[vc_row][vc_column][vc_column_text]<img decoding=\"async\" class=\"aligncenter wp-image-1731\" src=\"https:\/\/havila.ee\/wp-content\/uploads\/2020\/04\/04.png\" alt=\"\" width=\"90\" height=\"90\" srcset=\"https:\/\/havila.ee\/wp-content\/uploads\/2020\/04\/04.png 806w, https:\/\/havila.ee\/wp-content\/uploads\/2020\/04\/04-150x150.png 150w, https:\/\/havila.ee\/wp-content\/uploads\/2020\/04\/04-300x300.png 300w, https:\/\/havila.ee\/wp-content\/uploads\/2020\/04\/04-768x768.png 768w, https:\/\/havila.ee\/wp-content\/uploads\/2020\/04\/04-130x130.png 130w, https:\/\/havila.ee\/wp-content\/uploads\/2020\/04\/04-40x40.png 40w\" sizes=\"(max-width: 90px) 100vw, 90px\" \/><\/p>\n[\/vc_column_text][vc_column_text]\n<h4 style=\"text-align: center;\">Kompleksowe us\u0142ugi dla konserwacji tank kontener\u00f3w<\/h4>\n[\/vc_column_text][vc_column_text][\/vc_column_text][\/vc_column][\/vc_row][vc_row][vc_column width=&#8221;1\/4&#8243;][vc_column_text]<img decoding=\"async\" class=\"wp-image-2587 aligncenter\" src=\"https:\/\/havila.ee\/wp-content\/uploads\/2020\/04\/miscellaneous.png\" alt=\"\" width=\"50\" height=\"50\" srcset=\"https:\/\/havila.ee\/wp-content\/uploads\/2020\/04\/miscellaneous.png 512w, https:\/\/havila.ee\/wp-content\/uploads\/2020\/04\/miscellaneous-150x150.png 150w, https:\/\/havila.ee\/wp-content\/uploads\/2020\/04\/miscellaneous-300x300.png 300w, https:\/\/havila.ee\/wp-content\/uploads\/2020\/04\/miscellaneous-130x130.png 130w, https:\/\/havila.ee\/wp-content\/uploads\/2020\/04\/miscellaneous-40x40.png 40w\" sizes=\"(max-width: 50px) 100vw, 50px\" \/><\/p>\n<p style=\"text-align: center;\"><b>Wewn\u0119trzna i zewn\u0119trzna obs\u0142uga <\/b>tank kontener\u00f3w, kontener\u00f3w IBC i autocystern<\/p>\n[\/vc_column_text][\/vc_column][vc_column width=&#8221;1\/4&#8243;][vc_column_text]<img decoding=\"async\" class=\"alignnone wp-image-2595 aligncenter\" src=\"https:\/\/havila.ee\/wp-content\/uploads\/2020\/04\/desinfectant.png\" alt=\"\" width=\"50\" height=\"50\" srcset=\"https:\/\/havila.ee\/wp-content\/uploads\/2020\/04\/desinfectant.png 512w, https:\/\/havila.ee\/wp-content\/uploads\/2020\/04\/desinfectant-150x150.png 150w, https:\/\/havila.ee\/wp-content\/uploads\/2020\/04\/desinfectant-300x300.png 300w, https:\/\/havila.ee\/wp-content\/uploads\/2020\/04\/desinfectant-130x130.png 130w, https:\/\/havila.ee\/wp-content\/uploads\/2020\/04\/desinfectant-40x40.png 40w\" sizes=\"(max-width: 50px) 100vw, 50px\" \/><\/p>\n<p style=\"text-align: center;\">Indywidualne rozwi\u0105zania dla mycia kontener\u00f3w po r\u00f3\u017cnych \u0142adunkac (<b>ponad 40+<\/b>)<\/p>\n[\/vc_column_text][\/vc_column][vc_column width=&#8221;1\/4&#8243;][vc_column_text]<img loading=\"lazy\" decoding=\"async\" class=\"alignnone wp-image-2615 aligncenter\" src=\"https:\/\/havila.ee\/wp-content\/uploads\/2020\/04\/transport-1.png\" alt=\"\" width=\"50\" height=\"50\" srcset=\"https:\/\/havila.ee\/wp-content\/uploads\/2020\/04\/transport-1.png 512w, https:\/\/havila.ee\/wp-content\/uploads\/2020\/04\/transport-1-150x150.png 150w, https:\/\/havila.ee\/wp-content\/uploads\/2020\/04\/transport-1-300x300.png 300w, https:\/\/havila.ee\/wp-content\/uploads\/2020\/04\/transport-1-130x130.png 130w, https:\/\/havila.ee\/wp-content\/uploads\/2020\/04\/transport-1-40x40.png 40w\" sizes=\"(max-width: 50px) 100vw, 50px\" \/><\/p>\n<p style=\"text-align: center;\"><b>Europejskie wyposa\u017cenie<br \/>\n<\/b><\/p>\n[\/vc_column_text][\/vc_column][vc_column width=&#8221;1\/4&#8243;][vc_column_text]<img loading=\"lazy\" decoding=\"async\" class=\"alignnone wp-image-2603 aligncenter\" src=\"https:\/\/havila.ee\/wp-content\/uploads\/2020\/04\/certification.png\" alt=\"\" width=\"50\" height=\"50\" srcset=\"https:\/\/havila.ee\/wp-content\/uploads\/2020\/04\/certification.png 512w, https:\/\/havila.ee\/wp-content\/uploads\/2020\/04\/certification-150x150.png 150w, https:\/\/havila.ee\/wp-content\/uploads\/2020\/04\/certification-300x300.png 300w, https:\/\/havila.ee\/wp-content\/uploads\/2020\/04\/certification-130x130.png 130w, https:\/\/havila.ee\/wp-content\/uploads\/2020\/04\/certification-40x40.png 40w\" sizes=\"(max-width: 50px) 100vw, 50px\" \/><\/p>\n<p style=\"text-align: center;\">Certyfikat <b>EFTCO<\/b>. <b>Wydawanie<\/b> europejskiego certyfikatu czysto\u015bci <b>ECD<\/b><\/p>\n<p style=\"text-align: justify;\"><b>\u00a0<\/b><\/p>\n[\/vc_column_text][\/vc_column][\/vc_row][vc_row][vc_column][vc_column_text][\/vc_column_text][\/vc_column][\/vc_row][vc_row][vc_column width=&#8221;1\/4&#8243;][vc_column_text]\n<p style=\"text-align: center;\"><img loading=\"lazy\" decoding=\"async\" class=\"wp-image-2607 aligncenter\" src=\"https:\/\/havila.ee\/wp-content\/uploads\/2020\/04\/construction-and-tools.png\" alt=\"\" width=\"50\" height=\"50\" srcset=\"https:\/\/havila.ee\/wp-content\/uploads\/2020\/04\/construction-and-tools.png 512w, https:\/\/havila.ee\/wp-content\/uploads\/2020\/04\/construction-and-tools-150x150.png 150w, https:\/\/havila.ee\/wp-content\/uploads\/2020\/04\/construction-and-tools-300x300.png 300w, https:\/\/havila.ee\/wp-content\/uploads\/2020\/04\/construction-and-tools-130x130.png 130w, https:\/\/havila.ee\/wp-content\/uploads\/2020\/04\/construction-and-tools-40x40.png 40w\" sizes=\"(max-width: 50px) 100vw, 50px\" \/><\/p>\n<p style=\"text-align: center;\"><b>Naprawa <\/b>i <b>kontrola<\/b> stanu technicznego tank kontener\u00f3w<\/p>\n[\/vc_column_text][\/vc_column][vc_column width=&#8221;1\/4&#8243;][vc_column_text]\n<p style=\"text-align: center;\"><img loading=\"lazy\" decoding=\"async\" class=\"wp-image-2579 aligncenter\" src=\"https:\/\/havila.ee\/wp-content\/uploads\/2020\/04\/people.png\" alt=\"\" width=\"50\" height=\"50\" srcset=\"https:\/\/havila.ee\/wp-content\/uploads\/2020\/04\/people.png 512w, https:\/\/havila.ee\/wp-content\/uploads\/2020\/04\/people-150x150.png 150w, https:\/\/havila.ee\/wp-content\/uploads\/2020\/04\/people-300x300.png 300w, https:\/\/havila.ee\/wp-content\/uploads\/2020\/04\/people-130x130.png 130w, https:\/\/havila.ee\/wp-content\/uploads\/2020\/04\/people-40x40.png 40w\" sizes=\"(max-width: 50px) 100vw, 50px\" \/><\/p>\n<p style=\"text-align: center;\"><b>Testy okresowe<\/b> (5 lat) i <b>po\u015brednie<\/b> (2.5 roku) tank kontener\u00f3w<\/p>\n[\/vc_column_text][\/vc_column][vc_column width=&#8221;1\/4&#8243;][vc_column_text]<img loading=\"lazy\" decoding=\"async\" class=\"alignnone wp-image-2599 aligncenter\" src=\"https:\/\/havila.ee\/wp-content\/uploads\/2020\/04\/building.png\" alt=\"\" width=\"50\" height=\"50\" srcset=\"https:\/\/havila.ee\/wp-content\/uploads\/2020\/04\/building.png 512w, https:\/\/havila.ee\/wp-content\/uploads\/2020\/04\/building-150x150.png 150w, https:\/\/havila.ee\/wp-content\/uploads\/2020\/04\/building-300x300.png 300w, https:\/\/havila.ee\/wp-content\/uploads\/2020\/04\/building-130x130.png 130w, https:\/\/havila.ee\/wp-content\/uploads\/2020\/04\/building-40x40.png 40w\" sizes=\"(max-width: 50px) 100vw, 50px\" \/><\/p>\n<p style=\"text-align: center;\"><b>Us\u0142ugi magazynowe<br \/>\n<\/b><\/p>\n[\/vc_column_text][\/vc_column][vc_column width=&#8221;1\/4&#8243;][vc_column_text]<img loading=\"lazy\" decoding=\"async\" class=\"alignnone wp-image-2575 aligncenter\" src=\"https:\/\/havila.ee\/wp-content\/uploads\/2020\/04\/technology-1.png\" alt=\"\" width=\"50\" height=\"50\" srcset=\"https:\/\/havila.ee\/wp-content\/uploads\/2020\/04\/technology-1.png 512w, https:\/\/havila.ee\/wp-content\/uploads\/2020\/04\/technology-1-150x150.png 150w, https:\/\/havila.ee\/wp-content\/uploads\/2020\/04\/technology-1-300x300.png 300w, https:\/\/havila.ee\/wp-content\/uploads\/2020\/04\/technology-1-130x130.png 130w, https:\/\/havila.ee\/wp-content\/uploads\/2020\/04\/technology-1-40x40.png 40w\" sizes=\"(max-width: 50px) 100vw, 50px\" \/><\/p>\n<div style=\"text-align: center;\">\n<p>Portal dla klient\u00f3w <b>Obszar osobisty<\/b>. <b>Kontrola zlece\u0144 <\/b>i wydawane certyfikat\u00f3w ECD<\/p>\n<\/div>\n[\/vc_column_text][\/vc_column][\/vc_row][vc_row][vc_column][vc_column_text]\n[\/vc_column_text][vc_column_text][\/vc_column_text][vc_column_text][\/vc_column_text][\/vc_column][\/vc_row][vc_row][vc_column width=&#8221;1\/2&#8243;][vc_column_text]<img loading=\"lazy\" decoding=\"async\" class=\"size-medium wp-image-2624 aligncenter\" src=\"https:\/\/havila.ee\/wp-content\/uploads\/2020\/04\/tambov_last.png\" alt=\"\" width=\"300\" height=\"199\" srcset=\"https:\/\/havila.ee\/wp-content\/uploads\/2020\/04\/tambov_last.png 890w, https:\/\/havila.ee\/wp-content\/uploads\/2020\/04\/tambov_last-300x199.png 300w, https:\/\/havila.ee\/wp-content\/uploads\/2020\/04\/tambov_last-768x510.png 768w, https:\/\/havila.ee\/wp-content\/uploads\/2020\/04\/tambov_last-255x170.png 255w\" sizes=\"(max-width: 300px) 100vw, 300px\" \/>[\/vc_column_text][\/vc_column][vc_column width=&#8221;1\/2&#8243;][vc_column_text]\n<h4 style=\"text-align: center;\">Tambov<\/h4>\n<table style=\"border-collapse: collapse; border-color: #ffffff; background-color: #ffffff; width: 101.421%; height: 164px;\" border=\"0\" cellspacing=\"0\" cellpadding=\"0\">\n<tbody>\n<tr style=\"border-color: #ffffff; background-color: #ffffff;\">\n<td style=\"width: 38.4244%; text-align: center; border-color: #ffffff; background-color: #ffffff; height: 72px;\"><img loading=\"lazy\" decoding=\"async\" class=\"alignnone wp-image-2591 alignright\" src=\"https:\/\/havila.ee\/wp-content\/uploads\/2020\/04\/download-1.png\" alt=\"\" width=\"30\" height=\"30\" srcset=\"https:\/\/havila.ee\/wp-content\/uploads\/2020\/04\/download-1.png 512w, https:\/\/havila.ee\/wp-content\/uploads\/2020\/04\/download-1-150x150.png 150w, https:\/\/havila.ee\/wp-content\/uploads\/2020\/04\/download-1-300x300.png 300w, https:\/\/havila.ee\/wp-content\/uploads\/2020\/04\/download-1-130x130.png 130w, https:\/\/havila.ee\/wp-content\/uploads\/2020\/04\/download-1-40x40.png 40w\" sizes=\"(max-width: 30px) 100vw, 30px\" \/><\/td>\n<td style=\"width: 23.1691%; border-color: #ffffff; background-color: #ffffff; text-align: left; height: 72px;\">Cennik us\u0142ug<br \/>\nTank kontenery\/Autocysterny <a href=\"https:\/\/havila.ee\/wp-content\/uploads\/2022\/01\/price-en-tambov-2022.pdf\" target=\"_blank\" rel=\"noopener\">(PDF)<\/a><\/td>\n<td style=\"width: 20.4321%; border-color: #ffffff; background-color: #ffffff; text-align: center; height: 72px;\"><\/td>\n<\/tr>\n<tr style=\"border-color: #ffffff; background-color: #ffffff;\">\n<td style=\"width: 38.4244%; text-align: center; border-color: #ffffff; background-color: #ffffff; height: 46px;\"><img loading=\"lazy\" decoding=\"async\" class=\"wp-image-2611 alignnone alignright\" src=\"https:\/\/havila.ee\/wp-content\/uploads\/2020\/04\/pin.png\" alt=\"\" width=\"30\" height=\"30\" srcset=\"https:\/\/havila.ee\/wp-content\/uploads\/2020\/04\/pin.png 512w, https:\/\/havila.ee\/wp-content\/uploads\/2020\/04\/pin-150x150.png 150w, https:\/\/havila.ee\/wp-content\/uploads\/2020\/04\/pin-300x300.png 300w, https:\/\/havila.ee\/wp-content\/uploads\/2020\/04\/pin-130x130.png 130w, https:\/\/havila.ee\/wp-content\/uploads\/2020\/04\/pin-40x40.png 40w\" sizes=\"(max-width: 30px) 100vw, 30px\" \/><\/td>\n<td style=\"width: 23.1691%; border-color: #ffffff; background-color: #ffffff; text-align: left; height: 46px;\"><a href=\"\/?page_id=2430\">Kontakt<\/a><\/td>\n<\/tr>\n<tr style=\"height: 46px;\">\n<td style=\"width: 38.4244%; text-align: center; border-color: #ffffff; background-color: #ffffff; height: 46px;\"><img loading=\"lazy\" decoding=\"async\" class=\"alignright wp-image-2677\" src=\"https:\/\/havila.ee\/wp-content\/uploads\/2020\/04\/send-1.png\" alt=\"\" width=\"30\" height=\"30\" srcset=\"https:\/\/havila.ee\/wp-content\/uploads\/2020\/04\/send-1.png 512w, https:\/\/havila.ee\/wp-content\/uploads\/2020\/04\/send-1-150x150.png 150w, https:\/\/havila.ee\/wp-content\/uploads\/2020\/04\/send-1-300x300.png 300w, https:\/\/havila.ee\/wp-content\/uploads\/2020\/04\/send-1-130x130.png 130w, https:\/\/havila.ee\/wp-content\/uploads\/2020\/04\/send-1-40x40.png 40w\" sizes=\"(max-width: 30px) 100vw, 30px\" \/><\/td>\n<td style=\"width: 23.1691%; border-color: #ffffff; background-color: #ffffff; text-align: left; height: 46px;\"><a href=\"mailto:\/\/info@ecochemplus.ru\">Wys\u0142a\u0107 zlecenie<\/a><\/td>\n<\/tr>\n<\/tbody>\n<\/table>\n[\/vc_column_text][\/vc_column][\/vc_row][vc_row][vc_column][vc_column_text][\/vc_column_text][vc_column_text][\/vc_column_text][\/vc_column][\/vc_row][vc_row][vc_column width=&#8221;1\/2&#8243;][vc_column_text]<img loading=\"lazy\" decoding=\"async\" class=\"size-medium wp-image-2641 aligncenter\" src=\"https:\/\/havila.ee\/wp-content\/uploads\/2020\/04\/togliatty_last.png\" alt=\"\" width=\"300\" height=\"200\" srcset=\"https:\/\/havila.ee\/wp-content\/uploads\/2020\/04\/togliatty_last.png 830w, https:\/\/havila.ee\/wp-content\/uploads\/2020\/04\/togliatty_last-300x200.png 300w, https:\/\/havila.ee\/wp-content\/uploads\/2020\/04\/togliatty_last-768x513.png 768w, https:\/\/havila.ee\/wp-content\/uploads\/2020\/04\/togliatty_last-255x170.png 255w\" sizes=\"(max-width: 300px) 100vw, 300px\" \/>[\/vc_column_text][\/vc_column][vc_column width=&#8221;1\/2&#8243;][vc_column_text]\n<h4 style=\"text-align: center;\">Togliatti<\/h4>\n<table style=\"border-collapse: collapse; border-color: #ffffff; background-color: #ffffff; width: 101.421%; height: 166px;\" border=\"0\" cellspacing=\"0\" cellpadding=\"0\">\n<tbody>\n<tr style=\"border-color: #ffffff; background-color: #ffffff;\">\n<td style=\"width: 38.4244%; text-align: center; border-color: #ffffff; background-color: #ffffff;\"><img loading=\"lazy\" decoding=\"async\" class=\"alignnone wp-image-2591 alignright\" src=\"https:\/\/havila.ee\/wp-content\/uploads\/2020\/04\/download-1.png\" alt=\"\" width=\"30\" height=\"30\" srcset=\"https:\/\/havila.ee\/wp-content\/uploads\/2020\/04\/download-1.png 512w, https:\/\/havila.ee\/wp-content\/uploads\/2020\/04\/download-1-150x150.png 150w, https:\/\/havila.ee\/wp-content\/uploads\/2020\/04\/download-1-300x300.png 300w, https:\/\/havila.ee\/wp-content\/uploads\/2020\/04\/download-1-130x130.png 130w, https:\/\/havila.ee\/wp-content\/uploads\/2020\/04\/download-1-40x40.png 40w\" sizes=\"(max-width: 30px) 100vw, 30px\" \/><\/td>\n<td style=\"width: 23.1691%; border-color: #ffffff; background-color: #ffffff; text-align: left;\">Cennik us\u0142ug<br \/>\nTank kontenery\/Autocysterny <a href=\"https:\/\/havila.ee\/wp-content\/uploads\/2022\/01\/price-en-togliatti-2022.pdf\" target=\"_blank\" rel=\"noopener\">(PDF)<\/a><\/td>\n<td style=\"width: 20.4321%; border-color: #ffffff; background-color: #ffffff; text-align: center;\"><\/td>\n<\/tr>\n<tr style=\"border-color: #ffffff; background-color: #ffffff;\">\n<td style=\"width: 38.4244%; text-align: center; border-color: #ffffff; background-color: #ffffff;\"><img loading=\"lazy\" decoding=\"async\" class=\"wp-image-2611 alignnone alignright\" src=\"https:\/\/havila.ee\/wp-content\/uploads\/2020\/04\/pin.png\" alt=\"\" width=\"30\" height=\"30\" srcset=\"https:\/\/havila.ee\/wp-content\/uploads\/2020\/04\/pin.png 512w, https:\/\/havila.ee\/wp-content\/uploads\/2020\/04\/pin-150x150.png 150w, https:\/\/havila.ee\/wp-content\/uploads\/2020\/04\/pin-300x300.png 300w, https:\/\/havila.ee\/wp-content\/uploads\/2020\/04\/pin-130x130.png 130w, https:\/\/havila.ee\/wp-content\/uploads\/2020\/04\/pin-40x40.png 40w\" sizes=\"(max-width: 30px) 100vw, 30px\" \/><\/td>\n<td style=\"width: 23.1691%; border-color: #ffffff; background-color: #ffffff; text-align: left;\"><a href=\"\/?page_id=2430\">Kontakt<\/a><\/td>\n<\/tr>\n<tr>\n<td style=\"width: 38.4244%; text-align: center; border-color: #ffffff; background-color: #ffffff;\"><img loading=\"lazy\" decoding=\"async\" class=\"alignright wp-image-2677\" src=\"https:\/\/havila.ee\/wp-content\/uploads\/2020\/04\/send-1.png\" alt=\"\" width=\"30\" height=\"30\" srcset=\"https:\/\/havila.ee\/wp-content\/uploads\/2020\/04\/send-1.png 512w, https:\/\/havila.ee\/wp-content\/uploads\/2020\/04\/send-1-150x150.png 150w, https:\/\/havila.ee\/wp-content\/uploads\/2020\/04\/send-1-300x300.png 300w, https:\/\/havila.ee\/wp-content\/uploads\/2020\/04\/send-1-130x130.png 130w, https:\/\/havila.ee\/wp-content\/uploads\/2020\/04\/send-1-40x40.png 40w\" sizes=\"(max-width: 30px) 100vw, 30px\" \/><\/td>\n<td style=\"width: 23.1691%; border-color: #ffffff; background-color: #ffffff; text-align: left;\"><a href=\"mailto:info@ecochemplus-t.ru\">Wys\u0142a\u0107 zlecenie<\/a><\/td>\n<\/tr>\n<\/tbody>\n<\/table>\n[\/vc_column_text][\/vc_column][\/vc_row]\n<\/div>","protected":false},"excerpt":{"rendered":"<p>[vc_row][vc_column][vc_column_text] [\/vc_column_text][vc_column_text] Kompleksowe us\u0142ugi dla konserwacji tank kontener\u00f3w [\/vc_column_text][vc_column_text][\/vc_column_text][\/vc_column][\/vc_row][vc_row][vc_column width=&#8221;1\/4&#8243;][vc_column_text] Wewn\u0119trzna i zewn\u0119trzna obs\u0142uga tank kontener\u00f3w, kontener\u00f3w IBC i autocystern [\/vc_column_text][\/vc_column][vc_column width=&#8221;1\/4&#8243;][vc_column_text] Indywidualne rozwi\u0105zania dla mycia kontener\u00f3w po r\u00f3\u017cnych \u0142adunkac (ponad 40+) [\/vc_column_text][\/vc_column][vc_column&#8230;<\/p>\n","protected":false},"author":1,"featured_media":0,"parent":3369,"menu_order":0,"comment_status":"closed","ping_status":"closed","template":"","meta":{"footnotes":""},"class_list":["post-3366","page","type-page","status-publish","hentry"],"_links":{"self":[{"href":"https:\/\/havila.ee\/pl\/wp-json\/wp\/v2\/pages\/3366"}],"collection":[{"href":"https:\/\/havila.ee\/pl\/wp-json\/wp\/v2\/pages"}],"about":[{"href":"https:\/\/havila.ee\/pl\/wp-json\/wp\/v2\/types\/page"}],"author":[{"embeddable":true,"href":"https:\/\/havila.ee\/pl\/wp-json\/wp\/v2\/users\/1"}],"replies":[{"embeddable":true,"href":"https:\/\/havila.ee\/pl\/wp-json\/wp\/v2\/comments?post=3366"}],"version-history":[{"count":5,"href":"https:\/\/havila.ee\/pl\/wp-json\/wp\/v2\/pages\/3366\/revisions"}],"predecessor-version":[{"id":3759,"href":"https:\/\/havila.ee\/pl\/wp-json\/wp\/v2\/pages\/3366\/revisions\/3759"}],"up":[{"embeddable":true,"href":"https:\/\/havila.ee\/pl\/wp-json\/wp\/v2\/pages\/3369"}],"wp:attachment":[{"href":"https:\/\/havila.ee\/pl\/wp-json\/wp\/v2\/media?parent=3366"}],"curies":[{"name":"wp","href":"https:\/\/api.w.org\/{rel}","templated":true}]}}