{"id":3369,"date":"2019-10-31T13:49:19","date_gmt":"2019-10-31T13:49:19","guid":{"rendered":"https:\/\/havila.ee\/uslugi\/"},"modified":"2020-09-02T18:00:22","modified_gmt":"2020-09-02T18:00:22","slug":"uslugi","status":"publish","type":"page","link":"https:\/\/havila.ee\/pl\/uslugi\/","title":{"rendered":"Us\u0142ugi"},"content":{"rendered":"<ul>\n<li><a href=\"\/?page_id=3360\">Transport towar\u00f3w spo\u017cywczych<\/a><\/li>\n<li><a href=\"\/?page_id=3357\">Transport towar\u00f3w chemicznych<\/a><\/li>\n<li><a href=\"\/?page_id=3363\">Us\u0142ugi kolejowe<\/a><\/li>\n<li><a href=\"\/?page_id=3366\">Depo\/terminale<\/a><\/li>\n<\/ul>\n","protected":false},"excerpt":{"rendered":"<p>Transport towar\u00f3w spo\u017cywczych Transport towar\u00f3w chemicznych Us\u0142ugi kolejowe Depo\/terminale<\/p>\n","protected":false},"author":1,"featured_media":0,"parent":0,"menu_order":0,"comment_status":"closed","ping_status":"closed","template":"","meta":{"footnotes":""},"class_list":["post-3369","page","type-page","status-publish","hentry"],"_links":{"self":[{"href":"https:\/\/havila.ee\/pl\/wp-json\/wp\/v2\/pages\/3369"}],"collection":[{"href":"https:\/\/havila.ee\/pl\/wp-json\/wp\/v2\/pages"}],"about":[{"href":"https:\/\/havila.ee\/pl\/wp-json\/wp\/v2\/types\/page"}],"author":[{"embeddable":true,"href":"https:\/\/havila.ee\/pl\/wp-json\/wp\/v2\/users\/1"}],"replies":[{"embeddable":true,"href":"https:\/\/havila.ee\/pl\/wp-json\/wp\/v2\/comments?post=3369"}],"version-history":[{"count":3,"href":"https:\/\/havila.ee\/pl\/wp-json\/wp\/v2\/pages\/3369\/revisions"}],"predecessor-version":[{"id":3399,"href":"https:\/\/havila.ee\/pl\/wp-json\/wp\/v2\/pages\/3369\/revisions\/3399"}],"wp:attachment":[{"href":"https:\/\/havila.ee\/pl\/wp-json\/wp\/v2\/media?parent=3369"}],"curies":[{"name":"wp","href":"https:\/\/api.w.org\/{rel}","templated":true}]}}