{"id":3372,"date":"2020-05-15T12:23:19","date_gmt":"2020-05-15T12:23:19","guid":{"rendered":"https:\/\/havila.ee\/ofisy\/"},"modified":"2026-02-22T19:11:14","modified_gmt":"2026-02-22T19:11:14","slug":"biura","status":"publish","type":"page","link":"https:\/\/havila.ee\/pl\/biura\/","title":{"rendered":"Biura"},"content":{"rendered":"<div class=\"wpb-content-wrapper\">[vc_section][vc_row][vc_column][vc_row_inner][vc_column_inner][vc_column_text]\n<h5>Biura: europa<\/h5>\n[\/vc_column_text][\/vc_column_inner][\/vc_row_inner][\/vc_column][\/vc_row][\/vc_section][vc_row][vc_column width=&#8221;1\/6&#8243;][vc_column_text]\n<p style=\"text-align: center;\"><img decoding=\"async\" class=\"aligncenter wp-image-2344\" src=\"https:\/\/havila.ee\/wp-content\/uploads\/2015\/11\/locate.png\" alt=\"\" width=\"62\" height=\"62\" srcset=\"https:\/\/havila.ee\/wp-content\/uploads\/2015\/11\/locate.png 512w, https:\/\/havila.ee\/wp-content\/uploads\/2015\/11\/locate-150x150.png 150w, https:\/\/havila.ee\/wp-content\/uploads\/2015\/11\/locate-300x300.png 300w, https:\/\/havila.ee\/wp-content\/uploads\/2015\/11\/locate-130x130.png 130w, https:\/\/havila.ee\/wp-content\/uploads\/2015\/11\/locate-40x40.png 40w\" sizes=\"(max-width: 62px) 100vw, 62px\" \/><\/p>\n<p style=\"text-align: center;\"><strong>Tallinn<\/strong><\/p>\n<p class=\"p1\" style=\"text-align: center;\"><span class=\"s1\">Narva mnt. 7<\/span><\/p>\n<p class=\"p1\" style=\"text-align: center;\"><span class=\"s1\">Biuro 454<\/span><\/p>\n<p class=\"p1\" style=\"text-align: center;\"><span class=\"s1\">10117, Tallinn, Estonia<\/span><\/p>\n<p style=\"text-align: center;\">T.: +372 610 94 10<\/p>\n<p style=\"text-align: center;\"><a href=\"mailto:info@havila.ee\">info@havila.ee<\/a><\/p>\n[\/vc_column_text][\/vc_column][vc_column width=&#8221;1\/6&#8243;][vc_column_text]<img decoding=\"async\" class=\"aligncenter wp-image-2344\" src=\"https:\/\/havila.ee\/wp-content\/uploads\/2015\/11\/locate.png\" alt=\"\" width=\"62\" height=\"62\" srcset=\"https:\/\/havila.ee\/wp-content\/uploads\/2015\/11\/locate.png 512w, https:\/\/havila.ee\/wp-content\/uploads\/2015\/11\/locate-150x150.png 150w, https:\/\/havila.ee\/wp-content\/uploads\/2015\/11\/locate-300x300.png 300w, https:\/\/havila.ee\/wp-content\/uploads\/2015\/11\/locate-130x130.png 130w, https:\/\/havila.ee\/wp-content\/uploads\/2015\/11\/locate-40x40.png 40w\" sizes=\"(max-width: 62px) 100vw, 62px\" \/><\/p>\n<p class=\"p1\" style=\"text-align: center;\"><strong><span class=\"s1\">S\u0142awk\u00f3w<\/span><\/strong><\/p>\n<p class=\"p1\" style=\"text-align: center;\"><span class=\"s1\">ul. Groniec 1<\/span><\/p>\n<p class=\"p1\" style=\"text-align: center;\"><span class=\"s1\">41-260, S\u0142awk\u00f3w, Polska<\/span><\/p>\n<p style=\"text-align: center;\">T.: +48 784 102 316<\/p>\n<p style=\"text-align: center;\"><a href=\"mailto:info@havila.ee\">info@havila.ee<\/a><\/p>\n[\/vc_column_text][\/vc_column][vc_column width=&#8221;1\/6&#8243;][vc_column_text][\/vc_column_text][\/vc_column][vc_column width=&#8221;1\/6&#8243;][vc_column_text][\/vc_column_text][\/vc_column][\/vc_row][vc_row][vc_column][vc_column_text] [\/vc_column_text][vc_row_inner][vc_column_inner][vc_column_text]\n<h5>Biura: Rosja:<\/h5>\n<h5 style=\"text-align: center;\"><\/h5>\n[\/vc_column_text][\/vc_column_inner][\/vc_row_inner][\/vc_column][\/vc_row][vc_row][vc_column width=&#8221;1\/4&#8243;][vc_column_text]<img decoding=\"async\" class=\"wp-image-2344 aligncenter\" src=\"https:\/\/havila.ee\/wp-content\/uploads\/2015\/11\/locate.png\" alt=\"\" width=\"62\" height=\"62\" srcset=\"https:\/\/havila.ee\/wp-content\/uploads\/2015\/11\/locate.png 512w, https:\/\/havila.ee\/wp-content\/uploads\/2015\/11\/locate-150x150.png 150w, https:\/\/havila.ee\/wp-content\/uploads\/2015\/11\/locate-300x300.png 300w, https:\/\/havila.ee\/wp-content\/uploads\/2015\/11\/locate-130x130.png 130w, https:\/\/havila.ee\/wp-content\/uploads\/2015\/11\/locate-40x40.png 40w\" sizes=\"(max-width: 62px) 100vw, 62px\" \/><\/p>\n<p class=\"p1\" style=\"text-align: center;\"><strong><span class=\"s1\">Moskwa<\/span><\/strong><\/p>\n<p class=\"p1\" style=\"text-align: center;\"><span class=\"s1\">Prechistenka 40\/2 str. 1<\/span><\/p>\n<p class=\"p1\" style=\"text-align: center;\"><span class=\"s1\">pok. 2-10, pi\u0119tro 3 <\/span><\/p>\n<p class=\"p1\" style=\"text-align: center;\"><span class=\"s1\">119034 Moskwa, Rosja<\/span><\/p>\n<p class=\"p1\" style=\"text-align: center;\"><span class=\"s1\">\u0422.: +7 495 287 04 41<\/span><\/p>\n<p class=\"p1\" style=\"text-align: center;\"><a href=\"mailto:info@transchem-ea.com\"><span class=\"s1\">info@transchem-ea.com<\/span><\/a><\/p>\n[\/vc_column_text][\/vc_column][vc_column width=&#8221;1\/4&#8243;][vc_column_text][\/vc_column_text][\/vc_column][vc_column width=&#8221;1\/4&#8243;][\/vc_column][vc_column width=&#8221;1\/4&#8243;][\/vc_column][\/vc_row][vc_section][vc_row][vc_column][vc_column_text][\/vc_column_text][\/vc_column][\/vc_row][\/vc_section][vc_row][vc_column width=&#8221;1\/2&#8243;][vc_column_text]\n<h2>Aby si\u0119 z nami skontaktowa\u0107.<\/h2>\n<p>W przypadku pyta\u0144 prosimy o kontakt.[\/vc_column_text][\/vc_column][vc_column width=&#8221;1\/2&#8243;]\n<div class=\"wpcf7 no-js\" id=\"wpcf7-f3375-o1\" lang=\"en-US\" dir=\"ltr\">\n<div class=\"screen-reader-response\"><p role=\"status\" aria-live=\"polite\" aria-atomic=\"true\"><\/p> <ul><\/ul><\/div>\n<form action=\"\/pl\/wp-json\/wp\/v2\/pages\/3372#wpcf7-f3375-o1\" method=\"post\" class=\"wpcf7-form init\" aria-label=\"Contact form\" novalidate=\"novalidate\" data-status=\"init\">\n<div style=\"display: none;\">\n<input type=\"hidden\" name=\"_wpcf7\" value=\"3375\" \/>\n<input type=\"hidden\" name=\"_wpcf7_version\" value=\"5.9.7\" \/>\n<input type=\"hidden\" name=\"_wpcf7_locale\" value=\"en_US\" \/>\n<input type=\"hidden\" name=\"_wpcf7_unit_tag\" value=\"wpcf7-f3375-o1\" \/>\n<input type=\"hidden\" name=\"_wpcf7_container_post\" value=\"0\" \/>\n<input type=\"hidden\" name=\"_wpcf7_posted_data_hash\" value=\"\" \/>\n<\/div>\n<div class=\"contact_form\">\n\t<div class=\"row\">\n\t\t<div class=\"col-lg-6 col-md-6 col-sm-12 col-xs-12\">\n\t\t\t<div class=\"input-group\">\n\t\t\t\t<p><span class=\"wpcf7-form-control-wrap\" data-name=\"name\"><input size=\"40\" maxlength=\"400\" class=\"wpcf7-form-control wpcf7-text wpcf7-validates-as-required\" aria-required=\"true\" aria-invalid=\"false\" placeholder=\"Imi\u0119 *\" value=\"\" type=\"text\" name=\"name\" \/><\/span>\n\t\t\t\t<\/p>\n\t\t\t<\/div>\n\t\t\t<div class=\"input-group\">\n\t\t\t\t<p><span class=\"wpcf7-form-control-wrap\" data-name=\"email\"><input size=\"40\" maxlength=\"400\" class=\"wpcf7-form-control wpcf7-email wpcf7-validates-as-required wpcf7-text wpcf7-validates-as-email\" aria-required=\"true\" aria-invalid=\"false\" placeholder=\"E-mail *\" value=\"\" type=\"email\" name=\"email\" \/><\/span>\n\t\t\t\t<\/p>\n\t\t\t<\/div>\n\t\t<\/div>\n\t\t<div class=\"col-lg-6 col-md-6 col-sm-12 col-xs-12\">\n\t\t\t<p><span class=\"wpcf7-form-control-wrap\" data-name=\"message\"><textarea cols=\"40\" rows=\"10\" maxlength=\"2000\" class=\"wpcf7-form-control wpcf7-textarea wpcf7-validates-as-required\" aria-required=\"true\" aria-invalid=\"false\" placeholder=\"Wiadomo\u015b\u0107 *\" name=\"message\"><\/textarea><\/span>\n\t\t\t<\/p>\n\t\t<\/div>\n\t<\/div>\n\t<div class=\"row\">\n\t\t<div class=\"col-lg-6 col-md-6 col-sm-12 col-xs-12\">\n\t\t\t<div class=\"input-group\">\n\t\t\t<\/div>\n\t\t<\/div>\n\t\t<p>Wpisz kod: <input type=\"hidden\" name=\"_wpcf7_captcha_challenge_captcha-778\" value=\"3924077391\" \/><img decoding=\"async\" class=\"wpcf7-form-control wpcf7-captchac wpcf7-captcha-captcha-778\" width=\"60\" height=\"20\" alt=\"captcha\" src=\"https:\/\/havila.ee\/wp-content\/uploads\/wpcf7_captcha\/3924077391.png\" \/><br \/>\n<span class=\"wpcf7-form-control-wrap\" data-name=\"captcha-778\"><input size=\"4\" maxlength=\"4\" class=\"wpcf7-form-control wpcf7-captchar\" autocomplete=\"off\" aria-invalid=\"false\" value=\"\" type=\"text\" name=\"captcha-778\" \/><\/span>\n\t\t<\/p>\n\t\t<div class=\"col-lg-6 col-md-6 col-sm-12 col-xs-12 text-right\">\n\t\t\t<div class=\"input-group\">\n\t\t\t\t<p><button class=\"button icon_right size-sm theme-wpcf7-submit\">Zatwierd\u017a <i class=\"stm-arrow-next\"><\/i><\/button>\n\t\t\t\t<\/p>\n\t\t\t<\/div>\n\t\t<\/div>\n\t<\/div>\n<\/div><p style=\"display: none !important;\" class=\"akismet-fields-container\" data-prefix=\"_wpcf7_ak_\"><label>&#916;<textarea name=\"_wpcf7_ak_hp_textarea\" cols=\"45\" rows=\"8\" maxlength=\"100\"><\/textarea><\/label><input type=\"hidden\" id=\"ak_js_1\" name=\"_wpcf7_ak_js\" value=\"68\"\/><script>document.getElementById( \"ak_js_1\" ).setAttribute( \"value\", ( new Date() ).getTime() );<\/script><\/p><div class=\"wpcf7-response-output\" aria-hidden=\"true\"><\/div>\n<\/form>\n<\/div>\n[\/vc_column][\/vc_row]\n<\/div>","protected":false},"excerpt":{"rendered":"<p>[vc_section][vc_row][vc_column][vc_row_inner][vc_column_inner][vc_column_text] Biura: europa [\/vc_column_text][\/vc_column_inner][\/vc_row_inner][\/vc_column][\/vc_row][\/vc_section][vc_row][vc_column width=&#8221;1\/6&#8243;][vc_column_text] Tallinn Narva mnt. 7 Biuro 454 10117, Tallinn, Estonia T.: +372 610 94 10 info@havila.ee [\/vc_column_text][\/vc_column][vc_column width=&#8221;1\/6&#8243;][vc_column_text] S\u0142awk\u00f3w ul. Groniec 1 41-260, S\u0142awk\u00f3w, Polska T.: +48 784 102&#8230;<\/p>\n","protected":false},"author":1,"featured_media":0,"parent":0,"menu_order":0,"comment_status":"closed","ping_status":"closed","template":"","meta":{"footnotes":""},"class_list":["post-3372","page","type-page","status-publish","hentry"],"_links":{"self":[{"href":"https:\/\/havila.ee\/pl\/wp-json\/wp\/v2\/pages\/3372"}],"collection":[{"href":"https:\/\/havila.ee\/pl\/wp-json\/wp\/v2\/pages"}],"about":[{"href":"https:\/\/havila.ee\/pl\/wp-json\/wp\/v2\/types\/page"}],"author":[{"embeddable":true,"href":"https:\/\/havila.ee\/pl\/wp-json\/wp\/v2\/users\/1"}],"replies":[{"embeddable":true,"href":"https:\/\/havila.ee\/pl\/wp-json\/wp\/v2\/comments?post=3372"}],"version-history":[{"count":5,"href":"https:\/\/havila.ee\/pl\/wp-json\/wp\/v2\/pages\/3372\/revisions"}],"predecessor-version":[{"id":3983,"href":"https:\/\/havila.ee\/pl\/wp-json\/wp\/v2\/pages\/3372\/revisions\/3983"}],"wp:attachment":[{"href":"https:\/\/havila.ee\/pl\/wp-json\/wp\/v2\/media?parent=3372"}],"curies":[{"name":"wp","href":"https:\/\/api.w.org\/{rel}","templated":true}]}}